{"id":6470,"date":"2024-10-16T12:24:14","date_gmt":"2024-10-16T10:24:14","guid":{"rendered":"https:\/\/plasmadiam.com\/ueber\/"},"modified":"2025-12-28T12:33:15","modified_gmt":"2025-12-28T11:33:15","slug":"ueber","status":"publish","type":"page","link":"https:\/\/plasmadiam.com\/de\/ueber\/","title":{"rendered":"\u00dcber"},"content":{"rendered":"\t\t<div data-elementor-type=\"wp-page\" data-elementor-id=\"6470\" class=\"elementor elementor-6470 elementor-72\" data-elementor-post-type=\"page\">\n\t\t\t\t\t\t<section class=\"elementor-section elementor-top-section elementor-element elementor-element-bf0a61c elementor-section-full_width elementor-section-height-default elementor-section-height-default\" data-id=\"bf0a61c\" data-element_type=\"section\">\n\t\t\t\t\t\t<div class=\"elementor-container elementor-column-gap-no\">\n\t\t\t\t\t<div class=\"elementor-column elementor-col-100 elementor-top-column elementor-element elementor-element-7924909\" data-id=\"7924909\" data-element_type=\"column\">\n\t\t\t<div class=\"elementor-widget-wrap elementor-element-populated\">\n\t\t\t\t\t\t<div class=\"elementor-element elementor-element-0a595a0 animated-slow elementor-invisible elementor-widget elementor-widget-image\" data-id=\"0a595a0\" data-element_type=\"widget\" data-settings=\"{&quot;_animation&quot;:&quot;slideInLeft&quot;}\" data-widget_type=\"image.default\">\n\t\t\t\t<div class=\"elementor-widget-container\">\n\t\t\t\t\t\t\t\t\t\t\t\t\t\t\t<img decoding=\"async\" width=\"5\" height=\"5\" src=\"https:\/\/plasmadiam.com\/wp-content\/uploads\/2024\/10\/square-shape.svg\" class=\"attachment-large size-large wp-image-5245\" alt=\"\" \/>\t\t\t\t\t\t\t\t\t\t\t\t\t\t\t<\/div>\n\t\t\t\t<\/div>\n\t\t\t\t<div class=\"elementor-element elementor-element-634b242 elementor-widget-divider--view-line elementor-widget elementor-widget-divider\" data-id=\"634b242\" data-element_type=\"widget\" data-widget_type=\"divider.default\">\n\t\t\t\t<div class=\"elementor-widget-container\">\n\t\t\t\t\t\t\t<div class=\"elementor-divider\">\n\t\t\t<span class=\"elementor-divider-separator\">\n\t\t\t\t\t\t<\/span>\n\t\t<\/div>\n\t\t\t\t\t\t<\/div>\n\t\t\t\t<\/div>\n\t\t\t\t\t<\/div>\n\t\t<\/div>\n\t\t\t\t\t<\/div>\n\t\t<\/section>\n\t\t\t\t<section class=\"elementor-section elementor-top-section elementor-element elementor-element-7c4ea65 elementor-section-full_width elementor-reverse-mobile elementor-section-height-default elementor-section-height-default\" data-id=\"7c4ea65\" data-element_type=\"section\">\n\t\t\t\t\t\t<div class=\"elementor-container elementor-column-gap-no\">\n\t\t\t\t\t<div class=\"elementor-column elementor-col-50 elementor-top-column elementor-element elementor-element-3d9964d\" data-id=\"3d9964d\" data-element_type=\"column\">\n\t\t\t<div class=\"elementor-widget-wrap elementor-element-populated\">\n\t\t\t\t\t\t<div class=\"elementor-element elementor-element-cb9cd57 elementor-widget elementor-widget-image\" data-id=\"cb9cd57\" data-element_type=\"widget\" data-widget_type=\"image.default\">\n\t\t\t\t<div class=\"elementor-widget-container\">\n\t\t\t\t\t\t\t\t\t\t\t\t\t\t\t<img fetchpriority=\"high\" decoding=\"async\" width=\"683\" height=\"1024\" src=\"https:\/\/plasmadiam.com\/wp-content\/uploads\/2024\/12\/picabout-683x1024.webp\" class=\"attachment-large size-large wp-image-6239\" alt=\"\" srcset=\"https:\/\/plasmadiam.com\/wp-content\/uploads\/2024\/12\/picabout-683x1024.webp 683w, https:\/\/plasmadiam.com\/wp-content\/uploads\/2024\/12\/picabout-200x300.webp 200w, https:\/\/plasmadiam.com\/wp-content\/uploads\/2024\/12\/picabout-768x1152.webp 768w, https:\/\/plasmadiam.com\/wp-content\/uploads\/2024\/12\/picabout-1024x1536.webp 1024w, https:\/\/plasmadiam.com\/wp-content\/uploads\/2024\/12\/picabout-1365x2048.webp 1365w, https:\/\/plasmadiam.com\/wp-content\/uploads\/2024\/12\/picabout.webp 1500w\" sizes=\"(max-width: 683px) 100vw, 683px\" \/>\t\t\t\t\t\t\t\t\t\t\t\t\t\t\t<\/div>\n\t\t\t\t<\/div>\n\t\t\t\t\t<\/div>\n\t\t<\/div>\n\t\t\t\t<div class=\"elementor-column elementor-col-50 elementor-top-column elementor-element elementor-element-0d59b2f\" data-id=\"0d59b2f\" data-element_type=\"column\">\n\t\t\t<div class=\"elementor-widget-wrap elementor-element-populated\">\n\t\t\t\t\t\t<div class=\"elementor-element elementor-element-180e599 elementor-widget elementor-widget-heading\" data-id=\"180e599\" data-element_type=\"widget\" data-widget_type=\"heading.default\">\n\t\t\t\t<div class=\"elementor-widget-container\">\n\t\t\t\t\t<h2 class=\"elementor-heading-title elementor-size-default\">Was wir tun<\/h2>\t\t\t\t<\/div>\n\t\t\t\t<\/div>\n\t\t\t\t<div data-dce-title-color=\"#C3103B\" class=\"elementor-element elementor-element-51cfa5d elementor-widget elementor-widget-heading\" data-id=\"51cfa5d\" data-element_type=\"widget\" data-widget_type=\"heading.default\">\n\t\t\t\t<div class=\"elementor-widget-container\">\n\t\t\t\t\t<h2 class=\"elementor-heading-title elementor-size-default\">L\u00d6SUNGEN F\u00dcR DEN MARKT DER VAKUUMTECHNOLOGIEN<\/h2>\t\t\t\t<\/div>\n\t\t\t\t<\/div>\n\t\t\t\t<div class=\"elementor-element elementor-element-5e1759b elementor-widget elementor-widget-spacer\" data-id=\"5e1759b\" data-element_type=\"widget\" data-widget_type=\"spacer.default\">\n\t\t\t\t<div class=\"elementor-widget-container\">\n\t\t\t\t\t\t\t<div class=\"elementor-spacer\">\n\t\t\t<div class=\"elementor-spacer-inner\"><\/div>\n\t\t<\/div>\n\t\t\t\t\t\t<\/div>\n\t\t\t\t<\/div>\n\t\t\t\t<div class=\"elementor-element elementor-element-42d9802 elementor-widget elementor-widget-text-editor\" data-id=\"42d9802\" data-element_type=\"widget\" data-widget_type=\"text-editor.default\">\n\t\t\t\t<div class=\"elementor-widget-container\">\n\t\t\t\t\t\t\t\t\t<p>Wir sind der offizielle H\u00e4ndler von Edwards Vacuum Ltd, Atlas Copco und Gamma Vacuum in der Schweiz. Wir liefern qualitativ hochwertige Produkte f\u00fcr Forschung und Entwicklung sowie f\u00fcr industrielle Anwendungen, vom Prim\u00e4rvakuum bis zum Ultrahochvakuum. Au\u00dferdem k\u00f6nnen Sie sich auf uns verlassen, wenn es um Ihre spezielle Vakuumanlage geht.<\/p><p>Unser Ziel ist es, Ihnen einen freundlichen und hilfsbereiten Service zu bieten. Wenn Sie Produkte ben\u00f6tigen oder Fragen haben, rufen Sie uns an. Ein echter Mensch wird Ihren Anruf und Ihre Fragen beantworten. Wir warten die Produkte, die wir verkaufen. Wir wissen, wie sie funktionieren, wie sie verwendet werden sollten, wie lange sie halten, wann sie gewartet werden m\u00fcssen und wie man die Symptome bei einem Ausfall analysiert.<\/p>\t\t\t\t\t\t\t\t<\/div>\n\t\t\t\t<\/div>\n\t\t\t\t\t<\/div>\n\t\t<\/div>\n\t\t\t\t\t<\/div>\n\t\t<\/section>\n\t\t\t\t<section class=\"elementor-section elementor-top-section elementor-element elementor-element-a7335e9 elementor-section-full_width elementor-section-height-default elementor-section-height-default\" data-id=\"a7335e9\" data-element_type=\"section\" data-settings=\"{&quot;background_background&quot;:&quot;classic&quot;}\">\n\t\t\t\t\t\t<div class=\"elementor-container elementor-column-gap-no\">\n\t\t\t\t\t<div class=\"elementor-column elementor-col-100 elementor-top-column elementor-element elementor-element-c781deb\" data-id=\"c781deb\" data-element_type=\"column\">\n\t\t\t<div class=\"elementor-widget-wrap elementor-element-populated\">\n\t\t\t\t\t\t<div class=\"elementor-element elementor-element-1023b7d elementor-icon-list--layout-traditional elementor-list-item-link-full_width elementor-invisible elementor-widget elementor-widget-icon-list\" data-id=\"1023b7d\" data-element_type=\"widget\" data-settings=\"{&quot;_animation&quot;:&quot;fadeInUp&quot;}\" data-widget_type=\"icon-list.default\">\n\t\t\t\t<div class=\"elementor-widget-container\">\n\t\t\t\t\t\t\t<ul class=\"elementor-icon-list-items\">\n\t\t\t\t\t\t\t<li class=\"elementor-icon-list-item\">\n\t\t\t\t\t\t\t\t\t\t\t<span class=\"elementor-icon-list-icon\">\n\t\t\t\t\t\t\t<svg xmlns=\"http:\/\/www.w3.org\/2000\/svg\" id=\"uuid-ae50a808-94bf-4d58-b66d-5b553662c3b7\" data-name=\"Calque 2\" viewBox=\"0 0 43.33 43.34\"><g id=\"uuid-c8908bb4-a3dd-4134-99d3-35e116b553d2\" data-name=\"Capa 1\"><polygon points=\"21.67 0 20.96 .71 41.42 21.17 0 21.17 0 22.17 41.42 22.17 20.96 42.63 21.67 43.34 43.33 21.67 21.67 0\" style=\"fill: #fff;\"><\/polygon><\/g><\/svg>\t\t\t\t\t\t<\/span>\n\t\t\t\t\t\t\t\t\t\t<span class=\"elementor-icon-list-text\">Unsere Marken<\/span>\n\t\t\t\t\t\t\t\t\t<\/li>\n\t\t\t\t\t\t<\/ul>\n\t\t\t\t\t\t<\/div>\n\t\t\t\t<\/div>\n\t\t\t\t<div class=\"elementor-element elementor-element-c59eb93 elementor-widget elementor-widget-text-editor\" data-id=\"c59eb93\" data-element_type=\"widget\" data-widget_type=\"text-editor.default\">\n\t\t\t\t<div class=\"elementor-widget-container\">\n\t\t\t\t\t\t\t\t\tWir sind der offizielle H\u00e4ndler von Edwards Vacuum Ltd, Atlas Copco und Gamma Vacuum in der Schweiz. Wir liefern qualitativ hochwertige Produkte f\u00fcr Forschung und Entwicklung sowie f\u00fcr industrielle Anwendungen, vom Prim\u00e4rvakuum bis zum Ultrahochvakuum. Au\u00dferdem sind wir der Schweizer Vertriebspartner von Precision Plus, was es uns erm\u00f6glicht, eine gro\u00dfe Auswahl an Ersatzteilen f\u00fcr alle Marken von Vakuumger\u00e4ten wie Pfeiffer Vacuum, Agilent, Leybold, Ritschle und viele andere zu liefern.\t\t\t\t\t\t\t\t<\/div>\n\t\t\t\t<\/div>\n\t\t\t\t<div class=\"elementor-element elementor-element-4b1bab4 elementor-widget-divider--view-line elementor-widget elementor-widget-divider\" data-id=\"4b1bab4\" data-element_type=\"widget\" data-widget_type=\"divider.default\">\n\t\t\t\t<div class=\"elementor-widget-container\">\n\t\t\t\t\t\t\t<div class=\"elementor-divider\">\n\t\t\t<span class=\"elementor-divider-separator\">\n\t\t\t\t\t\t<\/span>\n\t\t<\/div>\n\t\t\t\t\t\t<\/div>\n\t\t\t\t<\/div>\n\t\t\t\t<section class=\"elementor-section elementor-inner-section elementor-element elementor-element-ea0ecc9 elementor-section-full_width elementor-section-content-bottom animated-slow elementor-section-height-default elementor-section-height-default elementor-invisible\" data-id=\"ea0ecc9\" data-element_type=\"section\" data-settings=\"{&quot;animation&quot;:&quot;fadeIn&quot;}\">\n\t\t\t\t\t\t<div class=\"elementor-container elementor-column-gap-no\">\n\t\t\t\t\t<div class=\"elementor-column elementor-col-20 elementor-inner-column elementor-element elementor-element-1d07143\" data-id=\"1d07143\" data-element_type=\"column\">\n\t\t\t<div class=\"elementor-widget-wrap elementor-element-populated\">\n\t\t\t\t\t\t<div class=\"elementor-element elementor-element-12c03bf elementor-widget elementor-widget-image\" data-id=\"12c03bf\" data-element_type=\"widget\" data-widget_type=\"image.default\">\n\t\t\t\t<div class=\"elementor-widget-container\">\n\t\t\t\t\t\t\t\t\t\t\t\t\t\t\t<img decoding=\"async\" width=\"370\" height=\"64\" src=\"https:\/\/plasmadiam.com\/wp-content\/uploads\/2024\/10\/edwards-blanc.svg\" class=\"attachment-large size-large wp-image-5215\" alt=\"\" \/>\t\t\t\t\t\t\t\t\t\t\t\t\t\t\t<\/div>\n\t\t\t\t<\/div>\n\t\t\t\t\t<\/div>\n\t\t<\/div>\n\t\t\t\t<div class=\"elementor-column elementor-col-20 elementor-inner-column elementor-element elementor-element-1a3b33f\" data-id=\"1a3b33f\" data-element_type=\"column\">\n\t\t\t<div class=\"elementor-widget-wrap elementor-element-populated\">\n\t\t\t\t\t\t<div class=\"elementor-element elementor-element-4745b4e elementor-widget elementor-widget-image\" data-id=\"4745b4e\" data-element_type=\"widget\" data-widget_type=\"image.default\">\n\t\t\t\t<div class=\"elementor-widget-container\">\n\t\t\t\t\t\t\t\t\t\t\t\t\t\t\t<img loading=\"lazy\" decoding=\"async\" width=\"229\" height=\"109\" src=\"https:\/\/plasmadiam.com\/wp-content\/uploads\/2024\/10\/atlas-blanc.svg\" class=\"attachment-large size-large wp-image-5217\" alt=\"\" \/>\t\t\t\t\t\t\t\t\t\t\t\t\t\t\t<\/div>\n\t\t\t\t<\/div>\n\t\t\t\t\t<\/div>\n\t\t<\/div>\n\t\t\t\t<div class=\"elementor-column elementor-col-20 elementor-inner-column elementor-element elementor-element-9a1256a\" data-id=\"9a1256a\" data-element_type=\"column\">\n\t\t\t<div class=\"elementor-widget-wrap elementor-element-populated\">\n\t\t\t\t\t\t<div class=\"elementor-element elementor-element-f815381 elementor-widget elementor-widget-image\" data-id=\"f815381\" data-element_type=\"widget\" data-widget_type=\"image.default\">\n\t\t\t\t<div class=\"elementor-widget-container\">\n\t\t\t\t\t\t\t\t\t\t\t\t\t\t\t<img loading=\"lazy\" decoding=\"async\" width=\"281\" height=\"60\" src=\"https:\/\/plasmadiam.com\/wp-content\/uploads\/2024\/10\/gamma-white.svg\" class=\"attachment-large size-large wp-image-5257\" alt=\"\" \/>\t\t\t\t\t\t\t\t\t\t\t\t\t\t\t<\/div>\n\t\t\t\t<\/div>\n\t\t\t\t\t<\/div>\n\t\t<\/div>\n\t\t\t\t<div class=\"elementor-column elementor-col-20 elementor-inner-column elementor-element elementor-element-56c09dc\" data-id=\"56c09dc\" data-element_type=\"column\">\n\t\t\t<div class=\"elementor-widget-wrap elementor-element-populated\">\n\t\t\t\t\t\t<div class=\"elementor-element elementor-element-7253bad elementor-widget elementor-widget-image\" data-id=\"7253bad\" data-element_type=\"widget\" data-widget_type=\"image.default\">\n\t\t\t\t<div class=\"elementor-widget-container\">\n\t\t\t\t\t\t\t\t\t\t\t\t\t\t\t<img loading=\"lazy\" decoding=\"async\" width=\"168\" height=\"181\" src=\"https:\/\/plasmadiam.com\/wp-content\/uploads\/2024\/10\/hhv-white.svg\" class=\"attachment-large size-large wp-image-5259\" alt=\"\" \/>\t\t\t\t\t\t\t\t\t\t\t\t\t\t\t<\/div>\n\t\t\t\t<\/div>\n\t\t\t\t\t<\/div>\n\t\t<\/div>\n\t\t\t\t<div class=\"elementor-column elementor-col-20 elementor-inner-column elementor-element elementor-element-595809c\" data-id=\"595809c\" data-element_type=\"column\">\n\t\t\t<div class=\"elementor-widget-wrap elementor-element-populated\">\n\t\t\t\t\t\t<div class=\"elementor-element elementor-element-89dbe83 elementor-widget elementor-widget-image\" data-id=\"89dbe83\" data-element_type=\"widget\" data-widget_type=\"image.default\">\n\t\t\t\t<div class=\"elementor-widget-container\">\n\t\t\t\t\t\t\t\t\t\t\t\t\t\t\t<img loading=\"lazy\" decoding=\"async\" width=\"401\" height=\"96\" src=\"https:\/\/plasmadiam.com\/wp-content\/uploads\/2024\/10\/precision-white.svg\" class=\"attachment-large size-large wp-image-5261\" alt=\"\" \/>\t\t\t\t\t\t\t\t\t\t\t\t\t\t\t<\/div>\n\t\t\t\t<\/div>\n\t\t\t\t\t<\/div>\n\t\t<\/div>\n\t\t\t\t\t<\/div>\n\t\t<\/section>\n\t\t\t\t\t<\/div>\n\t\t<\/div>\n\t\t\t\t\t<\/div>\n\t\t<\/section>\n\t\t\t\t<section data-dce-background-image-url=\"https:\/\/plasmadiam.com\/wp-content\/uploads\/2024\/10\/banner-team.webp\" class=\"elementor-section elementor-top-section elementor-element elementor-element-2ceb125 elementor-section-full_width elementor-section-height-default elementor-section-height-default\" data-id=\"2ceb125\" data-element_type=\"section\" data-settings=\"{&quot;background_background&quot;:&quot;classic&quot;}\">\n\t\t\t\t\t\t\t<div class=\"elementor-background-overlay\"><\/div>\n\t\t\t\t\t\t\t<div class=\"elementor-container elementor-column-gap-no\">\n\t\t\t\t\t<div class=\"elementor-column elementor-col-100 elementor-top-column elementor-element elementor-element-6ddf7a2\" data-id=\"6ddf7a2\" data-element_type=\"column\">\n\t\t\t<div class=\"elementor-widget-wrap elementor-element-populated\">\n\t\t\t\t\t\t<div class=\"elementor-element elementor-element-0f7bec9 elementor-invisible elementor-widget elementor-widget-heading\" data-id=\"0f7bec9\" data-element_type=\"widget\" data-settings=\"{&quot;_animation&quot;:&quot;fadeInUp&quot;}\" data-widget_type=\"heading.default\">\n\t\t\t\t<div class=\"elementor-widget-container\">\n\t\t\t\t\t<h2 class=\"elementor-heading-title elementor-size-default\">Unser Team<\/h2>\t\t\t\t<\/div>\n\t\t\t\t<\/div>\n\t\t\t\t<div data-dce-title-color=\"#C3103B\" class=\"elementor-element elementor-element-5c9f10d elementor-invisible elementor-widget elementor-widget-heading\" data-id=\"5c9f10d\" data-element_type=\"widget\" data-settings=\"{&quot;_animation&quot;:&quot;fadeIn&quot;}\" data-widget_type=\"heading.default\">\n\t\t\t\t<div class=\"elementor-widget-container\">\n\t\t\t\t\t<h2 class=\"elementor-heading-title elementor-size-default\">mit F\u00e4higkeiten und Erfahrungen aufgebaut<\/h2>\t\t\t\t<\/div>\n\t\t\t\t<\/div>\n\t\t\t\t<div class=\"elementor-element elementor-element-b7c3f48 elementor-widget-divider--view-line elementor-widget elementor-widget-divider\" data-id=\"b7c3f48\" data-element_type=\"widget\" data-widget_type=\"divider.default\">\n\t\t\t\t<div class=\"elementor-widget-container\">\n\t\t\t\t\t\t\t<div class=\"elementor-divider\">\n\t\t\t<span class=\"elementor-divider-separator\">\n\t\t\t\t\t\t<\/span>\n\t\t<\/div>\n\t\t\t\t\t\t<\/div>\n\t\t\t\t<\/div>\n\t\t\t\t<div class=\"elementor-element elementor-element-b0f10d1 elementor-align-start elementor-icon-list--layout-traditional elementor-list-item-link-full_width elementor-widget elementor-widget-icon-list\" data-id=\"b0f10d1\" data-element_type=\"widget\" data-widget_type=\"icon-list.default\">\n\t\t\t\t<div class=\"elementor-widget-container\">\n\t\t\t\t\t\t\t<ul class=\"elementor-icon-list-items\">\n\t\t\t\t\t\t\t<li class=\"elementor-icon-list-item\">\n\t\t\t\t\t\t\t\t\t\t\t<span class=\"elementor-icon-list-icon\">\n\t\t\t\t\t\t\t<svg xmlns=\"http:\/\/www.w3.org\/2000\/svg\" id=\"uuid-ae50a808-94bf-4d58-b66d-5b553662c3b7\" data-name=\"Calque 2\" viewBox=\"0 0 43.33 43.34\"><g id=\"uuid-c8908bb4-a3dd-4134-99d3-35e116b553d2\" data-name=\"Capa 1\"><polygon points=\"21.67 0 20.96 .71 41.42 21.17 0 21.17 0 22.17 41.42 22.17 20.96 42.63 21.67 43.34 43.33 21.67 21.67 0\" style=\"fill: #fff;\"><\/polygon><\/g><\/svg>\t\t\t\t\t\t<\/span>\n\t\t\t\t\t\t\t\t\t\t<span class=\"elementor-icon-list-text\"><b>Cyril Meuterlos<\/b> | Co-CEO<\/span>\n\t\t\t\t\t\t\t\t\t<\/li>\n\t\t\t\t\t\t\t\t<li class=\"elementor-icon-list-item\">\n\t\t\t\t\t\t\t\t\t\t\t<span class=\"elementor-icon-list-icon\">\n\t\t\t\t\t\t\t<svg xmlns=\"http:\/\/www.w3.org\/2000\/svg\" id=\"uuid-ae50a808-94bf-4d58-b66d-5b553662c3b7\" data-name=\"Calque 2\" viewBox=\"0 0 43.33 43.34\"><g id=\"uuid-c8908bb4-a3dd-4134-99d3-35e116b553d2\" data-name=\"Capa 1\"><polygon points=\"21.67 0 20.96 .71 41.42 21.17 0 21.17 0 22.17 41.42 22.17 20.96 42.63 21.67 43.34 43.33 21.67 21.67 0\" style=\"fill: #fff;\"><\/polygon><\/g><\/svg>\t\t\t\t\t\t<\/span>\n\t\t\t\t\t\t\t\t\t\t<span class=\"elementor-icon-list-text\"><b>Maxime Maire<\/b> | Co-CEO<\/span>\n\t\t\t\t\t\t\t\t\t<\/li>\n\t\t\t\t\t\t\t\t<li class=\"elementor-icon-list-item\">\n\t\t\t\t\t\t\t\t\t\t\t<span class=\"elementor-icon-list-icon\">\n\t\t\t\t\t\t\t<svg xmlns=\"http:\/\/www.w3.org\/2000\/svg\" id=\"uuid-ae50a808-94bf-4d58-b66d-5b553662c3b7\" data-name=\"Calque 2\" viewBox=\"0 0 43.33 43.34\"><g id=\"uuid-c8908bb4-a3dd-4134-99d3-35e116b553d2\" data-name=\"Capa 1\"><polygon points=\"21.67 0 20.96 .71 41.42 21.17 0 21.17 0 22.17 41.42 22.17 20.96 42.63 21.67 43.34 43.33 21.67 21.67 0\" style=\"fill: #fff;\"><\/polygon><\/g><\/svg>\t\t\t\t\t\t<\/span>\n\t\t\t\t\t\t\t\t\t\t<span class=\"elementor-icon-list-text\"><b>Guillaume Schwob<\/b> | SALES MANAGER SWISS GERMAN MARKET<\/span>\n\t\t\t\t\t\t\t\t\t<\/li>\n\t\t\t\t\t\t\t\t<li class=\"elementor-icon-list-item\">\n\t\t\t\t\t\t\t\t\t\t\t<span class=\"elementor-icon-list-icon\">\n\t\t\t\t\t\t\t<svg xmlns=\"http:\/\/www.w3.org\/2000\/svg\" id=\"uuid-ae50a808-94bf-4d58-b66d-5b553662c3b7\" data-name=\"Calque 2\" viewBox=\"0 0 43.33 43.34\"><g id=\"uuid-c8908bb4-a3dd-4134-99d3-35e116b553d2\" data-name=\"Capa 1\"><polygon points=\"21.67 0 20.96 .71 41.42 21.17 0 21.17 0 22.17 41.42 22.17 20.96 42.63 21.67 43.34 43.33 21.67 21.67 0\" style=\"fill: #fff;\"><\/polygon><\/g><\/svg>\t\t\t\t\t\t<\/span>\n\t\t\t\t\t\t\t\t\t\t<span class=\"elementor-icon-list-text\"><b>Adrien Toth<\/b> | SALES MANAGER SWISS FRENCH MARKET<\/span>\n\t\t\t\t\t\t\t\t\t<\/li>\n\t\t\t\t\t\t\t\t<li class=\"elementor-icon-list-item\">\n\t\t\t\t\t\t\t\t\t\t\t<span class=\"elementor-icon-list-icon\">\n\t\t\t\t\t\t\t<svg xmlns=\"http:\/\/www.w3.org\/2000\/svg\" id=\"uuid-ae50a808-94bf-4d58-b66d-5b553662c3b7\" data-name=\"Calque 2\" viewBox=\"0 0 43.33 43.34\"><g id=\"uuid-c8908bb4-a3dd-4134-99d3-35e116b553d2\" data-name=\"Capa 1\"><polygon points=\"21.67 0 20.96 .71 41.42 21.17 0 21.17 0 22.17 41.42 22.17 20.96 42.63 21.67 43.34 43.33 21.67 21.67 0\" style=\"fill: #fff;\"><\/polygon><\/g><\/svg>\t\t\t\t\t\t<\/span>\n\t\t\t\t\t\t\t\t\t\t<span class=\"elementor-icon-list-text\"><b>Val\u00e9rie Courlet<\/b> | SALES &amp; ADMINISTRATIVE ASSISTENT<\/span>\n\t\t\t\t\t\t\t\t\t<\/li>\n\t\t\t\t\t\t\t\t<li class=\"elementor-icon-list-item\">\n\t\t\t\t\t\t\t\t\t\t\t<span class=\"elementor-icon-list-icon\">\n\t\t\t\t\t\t\t<svg xmlns=\"http:\/\/www.w3.org\/2000\/svg\" id=\"uuid-ae50a808-94bf-4d58-b66d-5b553662c3b7\" data-name=\"Calque 2\" viewBox=\"0 0 43.33 43.34\"><g id=\"uuid-c8908bb4-a3dd-4134-99d3-35e116b553d2\" data-name=\"Capa 1\"><polygon points=\"21.67 0 20.96 .71 41.42 21.17 0 21.17 0 22.17 41.42 22.17 20.96 42.63 21.67 43.34 43.33 21.67 21.67 0\" style=\"fill: #fff;\"><\/polygon><\/g><\/svg>\t\t\t\t\t\t<\/span>\n\t\t\t\t\t\t\t\t\t\t<span class=\"elementor-icon-list-text\"><b>Robin Mayer<\/b> | PROJEKTMANAGER<\/span>\n\t\t\t\t\t\t\t\t\t<\/li>\n\t\t\t\t\t\t\t\t<li class=\"elementor-icon-list-item\">\n\t\t\t\t\t\t\t\t\t\t\t<span class=\"elementor-icon-list-icon\">\n\t\t\t\t\t\t\t<svg xmlns=\"http:\/\/www.w3.org\/2000\/svg\" id=\"uuid-ae50a808-94bf-4d58-b66d-5b553662c3b7\" data-name=\"Calque 2\" viewBox=\"0 0 43.33 43.34\"><g id=\"uuid-c8908bb4-a3dd-4134-99d3-35e116b553d2\" data-name=\"Capa 1\"><polygon points=\"21.67 0 20.96 .71 41.42 21.17 0 21.17 0 22.17 41.42 22.17 20.96 42.63 21.67 43.34 43.33 21.67 21.67 0\" style=\"fill: #fff;\"><\/polygon><\/g><\/svg>\t\t\t\t\t\t<\/span>\n\t\t\t\t\t\t\t\t\t\t<span class=\"elementor-icon-list-text\"><b>Dorian Baiao<\/b> | PROJEKTMANAGER<\/span>\n\t\t\t\t\t\t\t\t\t<\/li>\n\t\t\t\t\t\t\t\t<li class=\"elementor-icon-list-item\">\n\t\t\t\t\t\t\t\t\t\t\t<span class=\"elementor-icon-list-icon\">\n\t\t\t\t\t\t\t<svg xmlns=\"http:\/\/www.w3.org\/2000\/svg\" id=\"uuid-ae50a808-94bf-4d58-b66d-5b553662c3b7\" data-name=\"Calque 2\" viewBox=\"0 0 43.33 43.34\"><g id=\"uuid-c8908bb4-a3dd-4134-99d3-35e116b553d2\" data-name=\"Capa 1\"><polygon points=\"21.67 0 20.96 .71 41.42 21.17 0 21.17 0 22.17 41.42 22.17 20.96 42.63 21.67 43.34 43.33 21.67 21.67 0\" style=\"fill: #fff;\"><\/polygon><\/g><\/svg>\t\t\t\t\t\t<\/span>\n\t\t\t\t\t\t\t\t\t\t<span class=\"elementor-icon-list-text\"><b>Cyril Starck <\/b> | LOGISTIK-ASSISTENT<\/span>\n\t\t\t\t\t\t\t\t\t<\/li>\n\t\t\t\t\t\t\t\t<li class=\"elementor-icon-list-item\">\n\t\t\t\t\t\t\t\t\t\t\t<span class=\"elementor-icon-list-icon\">\n\t\t\t\t\t\t\t<svg xmlns=\"http:\/\/www.w3.org\/2000\/svg\" id=\"uuid-ae50a808-94bf-4d58-b66d-5b553662c3b7\" data-name=\"Calque 2\" viewBox=\"0 0 43.33 43.34\"><g id=\"uuid-c8908bb4-a3dd-4134-99d3-35e116b553d2\" data-name=\"Capa 1\"><polygon points=\"21.67 0 20.96 .71 41.42 21.17 0 21.17 0 22.17 41.42 22.17 20.96 42.63 21.67 43.34 43.33 21.67 21.67 0\" style=\"fill: #fff;\"><\/polygon><\/g><\/svg>\t\t\t\t\t\t<\/span>\n\t\t\t\t\t\t\t\t\t\t<span class=\"elementor-icon-list-text\"><b>Vincent Taurozza<\/b> | SERVICE MANAGER<\/span>\n\t\t\t\t\t\t\t\t\t<\/li>\n\t\t\t\t\t\t\t\t<li class=\"elementor-icon-list-item\">\n\t\t\t\t\t\t\t\t\t\t\t<span class=\"elementor-icon-list-icon\">\n\t\t\t\t\t\t\t<svg xmlns=\"http:\/\/www.w3.org\/2000\/svg\" id=\"uuid-ae50a808-94bf-4d58-b66d-5b553662c3b7\" data-name=\"Calque 2\" viewBox=\"0 0 43.33 43.34\"><g id=\"uuid-c8908bb4-a3dd-4134-99d3-35e116b553d2\" data-name=\"Capa 1\"><polygon points=\"21.67 0 20.96 .71 41.42 21.17 0 21.17 0 22.17 41.42 22.17 20.96 42.63 21.67 43.34 43.33 21.67 21.67 0\" style=\"fill: #fff;\"><\/polygon><\/g><\/svg>\t\t\t\t\t\t<\/span>\n\t\t\t\t\t\t\t\t\t\t<span class=\"elementor-icon-list-text\"><b>Nicolas Gauthier<\/b> | AUTOMATION &amp; ELEKTRONIK ENGINEER<\/span>\n\t\t\t\t\t\t\t\t\t<\/li>\n\t\t\t\t\t\t\t\t<li class=\"elementor-icon-list-item\">\n\t\t\t\t\t\t\t\t\t\t\t<span class=\"elementor-icon-list-icon\">\n\t\t\t\t\t\t\t<svg xmlns=\"http:\/\/www.w3.org\/2000\/svg\" id=\"uuid-ae50a808-94bf-4d58-b66d-5b553662c3b7\" data-name=\"Calque 2\" viewBox=\"0 0 43.33 43.34\"><g id=\"uuid-c8908bb4-a3dd-4134-99d3-35e116b553d2\" data-name=\"Capa 1\"><polygon points=\"21.67 0 20.96 .71 41.42 21.17 0 21.17 0 22.17 41.42 22.17 20.96 42.63 21.67 43.34 43.33 21.67 21.67 0\" style=\"fill: #fff;\"><\/polygon><\/g><\/svg>\t\t\t\t\t\t<\/span>\n\t\t\t\t\t\t\t\t\t\t<span class=\"elementor-icon-list-text\"><b>Patrick Bolle<\/b> | VERKAUFSTECHNIKER<\/span>\n\t\t\t\t\t\t\t\t\t<\/li>\n\t\t\t\t\t\t\t\t<li class=\"elementor-icon-list-item\">\n\t\t\t\t\t\t\t\t\t\t\t<span class=\"elementor-icon-list-icon\">\n\t\t\t\t\t\t\t<svg xmlns=\"http:\/\/www.w3.org\/2000\/svg\" id=\"uuid-ae50a808-94bf-4d58-b66d-5b553662c3b7\" data-name=\"Calque 2\" viewBox=\"0 0 43.33 43.34\"><g id=\"uuid-c8908bb4-a3dd-4134-99d3-35e116b553d2\" data-name=\"Capa 1\"><polygon points=\"21.67 0 20.96 .71 41.42 21.17 0 21.17 0 22.17 41.42 22.17 20.96 42.63 21.67 43.34 43.33 21.67 21.67 0\" style=\"fill: #fff;\"><\/polygon><\/g><\/svg>\t\t\t\t\t\t<\/span>\n\t\t\t\t\t\t\t\t\t\t<span class=\"elementor-icon-list-text\"><b>Julien Jeannerot<\/b> | PROJEKTMANAGER<\/span>\n\t\t\t\t\t\t\t\t\t<\/li>\n\t\t\t\t\t\t<\/ul>\n\t\t\t\t\t\t<\/div>\n\t\t\t\t<\/div>\n\t\t\t\t\t<\/div>\n\t\t<\/div>\n\t\t\t\t\t<\/div>\n\t\t<\/section>\n\t\t\t\t<\/div>\n\t\t","protected":false},"excerpt":{"rendered":"<p>Was wir tun L\u00d6SUNGEN F\u00dcR DEN MARKT DER VAKUUMTECHNOLOGIEN Wir sind der offizielle H\u00e4ndler von Edwards Vacuum Ltd, Atlas Copco und Gamma Vacuum in der Schweiz. Wir liefern qualitativ hochwertige Produkte f\u00fcr Forschung und Entwicklung sowie f\u00fcr industrielle Anwendungen, vom Prim\u00e4rvakuum bis zum Ultrahochvakuum. Au\u00dferdem k\u00f6nnen Sie sich auf uns verlassen, wenn es um Ihre [&hellip;]<\/p>\n","protected":false},"author":1,"featured_media":0,"parent":0,"menu_order":0,"comment_status":"closed","ping_status":"closed","template":"","meta":{"footnotes":""},"class_list":["post-6470","page","type-page","status-publish","hentry"],"_links":{"self":[{"href":"https:\/\/plasmadiam.com\/de\/wp-json\/wp\/v2\/pages\/6470","targetHints":{"allow":["GET"]}}],"collection":[{"href":"https:\/\/plasmadiam.com\/de\/wp-json\/wp\/v2\/pages"}],"about":[{"href":"https:\/\/plasmadiam.com\/de\/wp-json\/wp\/v2\/types\/page"}],"author":[{"embeddable":true,"href":"https:\/\/plasmadiam.com\/de\/wp-json\/wp\/v2\/users\/1"}],"replies":[{"embeddable":true,"href":"https:\/\/plasmadiam.com\/de\/wp-json\/wp\/v2\/comments?post=6470"}],"version-history":[{"count":0,"href":"https:\/\/plasmadiam.com\/de\/wp-json\/wp\/v2\/pages\/6470\/revisions"}],"wp:attachment":[{"href":"https:\/\/plasmadiam.com\/de\/wp-json\/wp\/v2\/media?parent=6470"}],"curies":[{"name":"wp","href":"https:\/\/api.w.org\/{rel}","templated":true}]}}