{"id":6693,"date":"2024-12-03T11:58:11","date_gmt":"2024-12-03T10:58:11","guid":{"rendered":"https:\/\/plasmadiam.com\/in-house-vor-ort\/"},"modified":"2025-01-09T10:37:14","modified_gmt":"2025-01-09T09:37:14","slug":"in-house-vor-ort","status":"publish","type":"page","link":"https:\/\/plasmadiam.com\/de\/dienstleistungen\/in-house-vor-ort\/","title":{"rendered":"In-House &amp; Vor-Ort"},"content":{"rendered":"\t\t<div data-elementor-type=\"wp-page\" data-elementor-id=\"6693\" class=\"elementor elementor-6693 elementor-3939\" data-elementor-post-type=\"page\">\n\t\t\t\t\t\t<section class=\"elementor-section elementor-top-section elementor-element elementor-element-bf60bf9 site elementor-section-full_width elementor-section-content-middle elementor-reverse-tablet elementor-reverse-mobile elementor-section-height-default elementor-section-height-default\" data-id=\"bf60bf9\" data-element_type=\"section\" data-e-type=\"section\" data-settings=\"{&quot;background_background&quot;:&quot;classic&quot;}\">\n\t\t\t\t\t\t\t<div class=\"elementor-background-overlay\"><\/div>\n\t\t\t\t\t\t\t<div class=\"elementor-container elementor-column-gap-no\">\n\t\t\t\t\t<div class=\"elementor-column elementor-col-50 elementor-top-column elementor-element elementor-element-b2f5326 elementor-invisible\" data-id=\"b2f5326\" data-element_type=\"column\" data-e-type=\"column\" data-settings=\"{&quot;background_background&quot;:&quot;classic&quot;,&quot;animation&quot;:&quot;fadeInUp&quot;}\">\n\t\t\t<div class=\"elementor-widget-wrap elementor-element-populated\">\n\t\t\t\t\t\t<div class=\"elementor-element elementor-element-4a38bc8 elementor-widget elementor-widget-heading\" data-id=\"4a38bc8\" data-element_type=\"widget\" data-e-type=\"widget\" data-widget_type=\"heading.default\">\n\t\t\t\t<div class=\"elementor-widget-container\">\n\t\t\t\t\t<h2 class=\"elementor-heading-title elementor-size-default\">In-House oder Vor-Ort<\/h2>\t\t\t\t<\/div>\n\t\t\t\t<\/div>\n\t\t\t\t<div class=\"elementor-element elementor-element-701daf1 elementor-widget elementor-widget-heading\" data-id=\"701daf1\" data-element_type=\"widget\" data-e-type=\"widget\" data-widget_type=\"heading.default\">\n\t\t\t\t<div class=\"elementor-widget-container\">\n\t\t\t\t\t<h2 class=\"elementor-heading-title elementor-size-default\">Dienstleistungen<\/h2>\t\t\t\t<\/div>\n\t\t\t\t<\/div>\n\t\t\t\t<div class=\"elementor-element elementor-element-84a6357 animated-slow elementor-invisible elementor-widget elementor-widget-image\" data-id=\"84a6357\" data-element_type=\"widget\" data-e-type=\"widget\" data-settings=\"{&quot;_animation&quot;:&quot;slideInLeft&quot;}\" data-widget_type=\"image.default\">\n\t\t\t\t<div class=\"elementor-widget-container\">\n\t\t\t\t\t\t\t\t\t\t\t\t\t\t\t<img decoding=\"async\" width=\"5\" height=\"5\" src=\"https:\/\/plasmadiam.com\/wp-content\/uploads\/2024\/10\/square-shape.svg\" class=\"attachment-large size-large wp-image-5245\" alt=\"\" \/>\t\t\t\t\t\t\t\t\t\t\t\t\t\t\t<\/div>\n\t\t\t\t<\/div>\n\t\t\t\t<div class=\"elementor-element elementor-element-968384c elementor-widget-divider--view-line elementor-widget elementor-widget-divider\" data-id=\"968384c\" data-element_type=\"widget\" data-e-type=\"widget\" data-widget_type=\"divider.default\">\n\t\t\t\t<div class=\"elementor-widget-container\">\n\t\t\t\t\t\t\t<div class=\"elementor-divider\">\n\t\t\t<span class=\"elementor-divider-separator\">\n\t\t\t\t\t\t<\/span>\n\t\t<\/div>\n\t\t\t\t\t\t<\/div>\n\t\t\t\t<\/div>\n\t\t\t\t<div class=\"elementor-element elementor-element-449d34a elementor-widget elementor-widget-text-editor\" data-id=\"449d34a\" data-element_type=\"widget\" data-e-type=\"widget\" data-widget_type=\"text-editor.default\">\n\t\t\t\t<div class=\"elementor-widget-container\">\n\t\t\t\t\t\t\t\t\t<p>Unser Team von qualifizierten Technikern f\u00fchrt alle unsere Dienstleistungen auch direkt vor Ort aus. Dieser Service spart Ihnen Zeit und sorgt daf\u00fcr, dass Ihre Ger\u00e4te schnell wieder einsatzbereit sind. Kontaktieren Sie uns, um unseren Vor-Ort-Service in Anspruch zu nehmen.<\/p>\n\t\t\t\t\t\t\t\t<\/div>\n\t\t\t\t<\/div>\n\t\t\t\t\t<\/div>\n\t\t<\/div>\n\t\t\t\t<div class=\"elementor-column elementor-col-50 elementor-top-column elementor-element elementor-element-b1924ac elementor-invisible\" data-id=\"b1924ac\" data-element_type=\"column\" data-e-type=\"column\" data-settings=\"{&quot;background_background&quot;:&quot;classic&quot;,&quot;animation&quot;:&quot;fadeInUp&quot;}\">\n\t\t\t<div class=\"elementor-widget-wrap elementor-element-populated\">\n\t\t\t\t\t\t<div class=\"elementor-element elementor-element-c1f4626 elementor-widget elementor-widget-image\" data-id=\"c1f4626\" data-element_type=\"widget\" data-e-type=\"widget\" data-widget_type=\"image.default\">\n\t\t\t\t<div class=\"elementor-widget-container\">\n\t\t\t\t\t\t\t\t\t\t\t\t\t\t\t<img fetchpriority=\"high\" decoding=\"async\" width=\"1600\" height=\"1294\" src=\"https:\/\/plasmadiam.com\/wp-content\/uploads\/2024\/10\/plasmadiam-truck.webp\" class=\"attachment-full size-full wp-image-5553\" alt=\"\" srcset=\"https:\/\/plasmadiam.com\/wp-content\/uploads\/2024\/10\/plasmadiam-truck.webp 1600w, https:\/\/plasmadiam.com\/wp-content\/uploads\/2024\/10\/plasmadiam-truck-300x243.webp 300w, https:\/\/plasmadiam.com\/wp-content\/uploads\/2024\/10\/plasmadiam-truck-1024x828.webp 1024w, https:\/\/plasmadiam.com\/wp-content\/uploads\/2024\/10\/plasmadiam-truck-768x621.webp 768w, https:\/\/plasmadiam.com\/wp-content\/uploads\/2024\/10\/plasmadiam-truck-1536x1242.webp 1536w\" sizes=\"(max-width: 1600px) 100vw, 1600px\" \/>\t\t\t\t\t\t\t\t\t\t\t\t\t\t\t<\/div>\n\t\t\t\t<\/div>\n\t\t\t\t\t<\/div>\n\t\t<\/div>\n\t\t\t\t\t<\/div>\n\t\t<\/section>\n\t\t\t\t<\/div>\n\t\t","protected":false},"excerpt":{"rendered":"<p>In-House oder Vor-Ort Dienstleistungen Unser Team von qualifizierten Technikern f\u00fchrt alle unsere Dienstleistungen auch direkt vor Ort aus. Dieser Service spart Ihnen Zeit und sorgt daf\u00fcr, dass Ihre Ger\u00e4te schnell wieder einsatzbereit sind. Kontaktieren Sie uns, um unseren Vor-Ort-Service in Anspruch zu nehmen.<\/p>\n","protected":false},"author":1,"featured_media":0,"parent":6753,"menu_order":0,"comment_status":"closed","ping_status":"closed","template":"","meta":{"footnotes":""},"class_list":["post-6693","page","type-page","status-publish","hentry"],"_links":{"self":[{"href":"https:\/\/plasmadiam.com\/de\/wp-json\/wp\/v2\/pages\/6693","targetHints":{"allow":["GET"]}}],"collection":[{"href":"https:\/\/plasmadiam.com\/de\/wp-json\/wp\/v2\/pages"}],"about":[{"href":"https:\/\/plasmadiam.com\/de\/wp-json\/wp\/v2\/types\/page"}],"author":[{"embeddable":true,"href":"https:\/\/plasmadiam.com\/de\/wp-json\/wp\/v2\/users\/1"}],"replies":[{"embeddable":true,"href":"https:\/\/plasmadiam.com\/de\/wp-json\/wp\/v2\/comments?post=6693"}],"version-history":[{"count":0,"href":"https:\/\/plasmadiam.com\/de\/wp-json\/wp\/v2\/pages\/6693\/revisions"}],"up":[{"embeddable":true,"href":"https:\/\/plasmadiam.com\/de\/wp-json\/wp\/v2\/pages\/6753"}],"wp:attachment":[{"href":"https:\/\/plasmadiam.com\/de\/wp-json\/wp\/v2\/media?parent=6693"}],"curies":[{"name":"wp","href":"https:\/\/api.w.org\/{rel}","templated":true}]}}