{"id":6706,"date":"2024-10-21T13:19:51","date_gmt":"2024-10-21T11:19:51","guid":{"rendered":"https:\/\/plasmadiam.com\/rechtliche-informationen\/"},"modified":"2025-03-27T09:41:36","modified_gmt":"2025-03-27T08:41:36","slug":"rechtliche-informationen","status":"publish","type":"page","link":"https:\/\/plasmadiam.com\/de\/rechtliche-informationen\/","title":{"rendered":"Rechtliche Informationen"},"content":{"rendered":"\t\t<div data-elementor-type=\"wp-page\" data-elementor-id=\"6706\" class=\"elementor elementor-6706 elementor-437\" data-elementor-post-type=\"page\">\n\t\t\t\t\t\t<section data-dce-background-overlay-image-url=\"https:\/\/plasmadiam.com\/wp-content\/uploads\/2024\/10\/pattern-title.svg\" class=\"elementor-section elementor-top-section elementor-element elementor-element-fc60761 elementor-section-full_width elementor-section-height-default elementor-section-height-default\" data-id=\"fc60761\" data-element_type=\"section\" data-e-type=\"section\" data-settings=\"{&quot;background_background&quot;:&quot;classic&quot;}\">\n\t\t\t\t\t\t\t<div class=\"elementor-background-overlay\"><\/div>\n\t\t\t\t\t\t\t<div class=\"elementor-container elementor-column-gap-no\">\n\t\t\t\t\t<div class=\"elementor-column elementor-col-100 elementor-top-column elementor-element elementor-element-9e3a8ef\" data-id=\"9e3a8ef\" data-element_type=\"column\" data-e-type=\"column\">\n\t\t\t<div class=\"elementor-widget-wrap elementor-element-populated\">\n\t\t\t\t\t\t<div class=\"elementor-element elementor-element-59816d2 elementor-widget elementor-widget-heading\" data-id=\"59816d2\" data-element_type=\"widget\" data-e-type=\"widget\" data-widget_type=\"heading.default\">\n\t\t\t\t<div class=\"elementor-widget-container\">\n\t\t\t\t\t<h2 class=\"elementor-heading-title elementor-size-default\">Rechtliche Informationen<\/h2>\t\t\t\t<\/div>\n\t\t\t\t<\/div>\n\t\t\t\t<div class=\"elementor-element elementor-element-d73e5c6 elementor-widget-divider--view-line elementor-invisible elementor-widget elementor-widget-divider\" data-id=\"d73e5c6\" data-element_type=\"widget\" data-e-type=\"widget\" data-settings=\"{&quot;_animation&quot;:&quot;fadeIn&quot;}\" data-widget_type=\"divider.default\">\n\t\t\t\t<div class=\"elementor-widget-container\">\n\t\t\t\t\t\t\t<div class=\"elementor-divider\">\n\t\t\t<span class=\"elementor-divider-separator\">\n\t\t\t\t\t\t<\/span>\n\t\t<\/div>\n\t\t\t\t\t\t<\/div>\n\t\t\t\t<\/div>\n\t\t\t\t\t<\/div>\n\t\t<\/div>\n\t\t\t\t\t<\/div>\n\t\t<\/section>\n\t\t\t\t<section class=\"elementor-section elementor-top-section elementor-element elementor-element-b7fafd7 elementor-section-full_width elementor-section-height-default elementor-section-height-default\" data-id=\"b7fafd7\" data-element_type=\"section\" data-e-type=\"section\">\n\t\t\t\t\t\t<div class=\"elementor-container elementor-column-gap-no\">\n\t\t\t\t\t<div class=\"elementor-column elementor-col-100 elementor-top-column elementor-element elementor-element-ba86b08\" data-id=\"ba86b08\" data-element_type=\"column\" data-e-type=\"column\">\n\t\t\t<div class=\"elementor-widget-wrap elementor-element-populated\">\n\t\t\t\t\t\t<div class=\"elementor-element elementor-element-11133f6 elementor-widget elementor-widget-heading\" data-id=\"11133f6\" data-element_type=\"widget\" data-e-type=\"widget\" data-widget_type=\"heading.default\">\n\t\t\t\t<div class=\"elementor-widget-container\">\n\t\t\t\t\t<h2 class=\"elementor-heading-title elementor-size-default\">1. Pr\u00e4sentation der Website<\/h2>\t\t\t\t<\/div>\n\t\t\t\t<\/div>\n\t\t\t\t<div class=\"elementor-element elementor-element-c65b1aa elementor-widget elementor-widget-text-editor\" data-id=\"c65b1aa\" data-element_type=\"widget\" data-e-type=\"widget\" data-widget_type=\"text-editor.default\">\n\t\t\t\t<div class=\"elementor-widget-container\">\n\t\t\t\t\t\t\t\t\t<p>Gem\u00e4\u00df Artikel 6 des Gesetzes Nr. 2004-575 vom 21. Juni 2004 \u00fcber das Vertrauen in die digitale Wirtschaft werden die Nutzer der Website www.plasmadiam.com \u00fcber die Identit\u00e4t der verschiedenen Akteure im Rahmen der Umsetzung und \u00dcberwachung des Gesetzes informiert:<\/p>\n<p><b>Eigent\u00fcmer:<\/b> PLASMADIAM SA &#8211; Handelsregister &#8211; Kanton Neuch\u00e2tel <span style=\"color: var( --e-global-color-secondary );\">CHE-110.518.368<\/span><span style=\"color: var( --e-global-color-secondary );\"> &#8211; <\/span><span style=\"color: var( --e-global-color-secondary );\">All\u00e9e des D\u00e9fricheurs 4b<\/span><span style=\"color: var( --e-global-color-secondary );\"> &#8211; CH &#8211; 2300 La Chaux de Fonds<br \/><\/span> <b style=\"color: var( --e-global-color-secondary );\">Ersteller:<\/b><span style=\"color: var( --e-global-color-secondary );\"> STUDIO IMAQA<br \/><\/span> <b style=\"color: var( --e-global-color-secondary );\">Leiter der Ver\u00f6ffentlichung:<\/b><span style=\"color: var( --e-global-color-secondary );\"> Cyril MEUTERLOS &#8211; c.meuterlos@plasmadiam.com<br \/><\/span> <span style=\"color: var( --e-global-color-secondary );\">Der Leiter der Ver\u00f6ffentlichung ist eine nat\u00fcrliche oder eine juristische Person.<br \/><\/span><b style=\"color: var( --e-global-color-secondary );\">Webmaster:<\/b><span style=\"color: var( --e-global-color-secondary );\"> STUDIO IMAQA &#8211; hello@studio-imaqa.com<br \/><\/span> <b style=\"color: var( --e-global-color-secondary );\">Gastgeber:<\/b><span style=\"color: var( --e-global-color-secondary );\"> SAS OVH &#8211; 2 rue Kellermann &#8211; BP 80157 &#8211; 59053 Roubaix Cedex 1<\/span><\/p>\n\t\t\t\t\t\t\t\t<\/div>\n\t\t\t\t<\/div>\n\t\t\t\t<div class=\"elementor-element elementor-element-8795086 elementor-widget elementor-widget-heading\" data-id=\"8795086\" data-element_type=\"widget\" data-e-type=\"widget\" data-widget_type=\"heading.default\">\n\t\t\t\t<div class=\"elementor-widget-container\">\n\t\t\t\t\t<h2 class=\"elementor-heading-title elementor-size-default\">2. Allgemeine Bedingungen f\u00fcr die Nutzung der Website und der angebotenen Dienste<\/h2>\t\t\t\t<\/div>\n\t\t\t\t<\/div>\n\t\t\t\t<div class=\"elementor-element elementor-element-614b1f5 elementor-widget elementor-widget-text-editor\" data-id=\"614b1f5\" data-element_type=\"widget\" data-e-type=\"widget\" data-widget_type=\"text-editor.default\">\n\t\t\t\t<div class=\"elementor-widget-container\">\n\t\t\t\t\t\t\t\t\t<p>Die Nutzung der Website www.plasmadiam.com setzt die uneingeschr\u00e4nkte Zustimmung zu den unten beschriebenen allgemeinen Nutzungsbedingungen voraus. Diese Nutzungsbedingungen k\u00f6nnen jederzeit ge\u00e4ndert oder erg\u00e4nzt werden. Die Nutzer der Website www.plasmadiam.com werden daher gebeten, sie regelm\u00e4\u00dfig zu lesen. <\/p>\n<p>Diese Website ist normalerweise jederzeit f\u00fcr die Benutzer zug\u00e4nglich. Eine Unterbrechung aufgrund von technischen Wartungsarbeiten kann jedoch von PLASMADIAM SA beschlossen werden. PLASMADIAM SA wird sich dann bem\u00fchen, die Nutzer vor den Daten und Uhrzeiten des Eingriffs zu informieren. <\/p>\n<p>Die Website www.plasmadiam.com wird regelm\u00e4\u00dfig von Cyril MEUTERLOS aktualisiert. Ebenso k\u00f6nnen die rechtlichen Hinweise jederzeit ge\u00e4ndert werden: Sie sind f\u00fcr den Benutzer verbindlich, der aufgefordert wird, sich so oft wie m\u00f6glich zu registrieren, um sie zu lesen.  <\/p>\n\t\t\t\t\t\t\t\t<\/div>\n\t\t\t\t<\/div>\n\t\t\t\t<div class=\"elementor-element elementor-element-0b9531e elementor-widget elementor-widget-heading\" data-id=\"0b9531e\" data-element_type=\"widget\" data-e-type=\"widget\" data-widget_type=\"heading.default\">\n\t\t\t\t<div class=\"elementor-widget-container\">\n\t\t\t\t\t<h2 class=\"elementor-heading-title elementor-size-default\">3. Beschreibung der angebotenen Dienstleistungen<\/h2>\t\t\t\t<\/div>\n\t\t\t\t<\/div>\n\t\t\t\t<div class=\"elementor-element elementor-element-b201cc9 elementor-widget elementor-widget-text-editor\" data-id=\"b201cc9\" data-element_type=\"widget\" data-e-type=\"widget\" data-widget_type=\"text-editor.default\">\n\t\t\t\t<div class=\"elementor-widget-container\">\n\t\t\t\t\t\t\t\t\t<p>Der Zweck der Website www.plasmadiam.com ist es, Informationen \u00fcber alle Aktivit\u00e4ten des Unternehmens bereitzustellen.<\/p>\n<p>PLASMADIAM SA bem\u00fcht sich, die Informationen auf der Website www.plasmadiam.com so genau wie m\u00f6glich zu halten. Sie kann jedoch nicht f\u00fcr Auslassungen, Ungenauigkeiten und Unzul\u00e4nglichkeiten bei der Aktualisierung verantwortlich gemacht werden, weder von ihr selbst noch von den Drittpartnern, die ihr diese Informationen zur Verf\u00fcgung stellen. <\/p>\n<p>Alle Angaben auf der Website www.plasmadiam.com dienen lediglich der Information und k\u00f6nnen sich \u00e4ndern. Au\u00dferdem sind die Informationen auf der Website www.plasmadiam.com nicht ersch\u00f6pfend. Sie werden unter dem Vorbehalt gegeben, dass \u00c4nderungen vorgenommen wurden, seit sie online gestellt wurden.  <\/p>\n\t\t\t\t\t\t\t\t<\/div>\n\t\t\t\t<\/div>\n\t\t\t\t<div class=\"elementor-element elementor-element-d150bef elementor-widget elementor-widget-heading\" data-id=\"d150bef\" data-element_type=\"widget\" data-e-type=\"widget\" data-widget_type=\"heading.default\">\n\t\t\t\t<div class=\"elementor-widget-container\">\n\t\t\t\t\t<h2 class=\"elementor-heading-title elementor-size-default\">4. Vertragliche Beschr\u00e4nkungen f\u00fcr technische Daten<\/h2>\t\t\t\t<\/div>\n\t\t\t\t<\/div>\n\t\t\t\t<div class=\"elementor-element elementor-element-d91137b elementor-widget elementor-widget-text-editor\" data-id=\"d91137b\" data-element_type=\"widget\" data-e-type=\"widget\" data-widget_type=\"text-editor.default\">\n\t\t\t\t<div class=\"elementor-widget-container\">\n\t\t\t\t\t\t\t\t\t<p>Die Website kann nicht f\u00fcr materielle Sch\u00e4den im Zusammenhang mit der Nutzung der Website verantwortlich gemacht werden. Dar\u00fcber hinaus verpflichtet sich der Nutzer der Website, die Website mit aktuellen Ger\u00e4ten, die keine Viren enthalten, und mit einem aktuellen Browser der neuesten Generation zu besuchen. <\/p>\n\t\t\t\t\t\t\t\t<\/div>\n\t\t\t\t<\/div>\n\t\t\t\t<div class=\"elementor-element elementor-element-51df890 elementor-widget elementor-widget-heading\" data-id=\"51df890\" data-element_type=\"widget\" data-e-type=\"widget\" data-widget_type=\"heading.default\">\n\t\t\t\t<div class=\"elementor-widget-container\">\n\t\t\t\t\t<h2 class=\"elementor-heading-title elementor-size-default\">5. Geistiges Eigentum und Rechtsverletzungen<\/h2>\t\t\t\t<\/div>\n\t\t\t\t<\/div>\n\t\t\t\t<div class=\"elementor-element elementor-element-959a13b elementor-widget elementor-widget-text-editor\" data-id=\"959a13b\" data-element_type=\"widget\" data-e-type=\"widget\" data-widget_type=\"text-editor.default\">\n\t\t\t\t<div class=\"elementor-widget-container\">\n\t\t\t\t\t\t\t\t\t<p>PLASMADIAM SA ist Inhaber der geistigen Eigentumsrechte oder besitzt die Nutzungsrechte an allen auf der Website zug\u00e4nglichen Elementen, insbesondere an den Texten, Bildern, Grafiken, Logos, Icons, T\u00f6nen und der Software.<\/p>\n<p>Jegliche Vervielf\u00e4ltigung, Darstellung, \u00c4nderung, Ver\u00f6ffentlichung, Anpassung aller oder eines Teils der Elemente der Website, unabh\u00e4ngig von den verwendeten Mitteln oder Verfahren, ist verboten, es sei denn, es liegt eine vorherige schriftliche Genehmigung von: PLASMADIAM SA.<\/p>\n<p>Jede unbefugte Nutzung der Website oder eines ihrer Elemente wird als Versto\u00df betrachtet und gem\u00e4\u00df den Bestimmungen der Artikel L.335-2 ff. des Gesetzes \u00fcber geistiges Eigentum verfolgt.<\/p>\n\t\t\t\t\t\t\t\t<\/div>\n\t\t\t\t<\/div>\n\t\t\t\t<div class=\"elementor-element elementor-element-b329cb1 elementor-widget elementor-widget-heading\" data-id=\"b329cb1\" data-element_type=\"widget\" data-e-type=\"widget\" data-widget_type=\"heading.default\">\n\t\t\t\t<div class=\"elementor-widget-container\">\n\t\t\t\t\t<h2 class=\"elementor-heading-title elementor-size-default\">6. Einschr\u00e4nkung der Haftung<\/h2>\t\t\t\t<\/div>\n\t\t\t\t<\/div>\n\t\t\t\t<div class=\"elementor-element elementor-element-009f29c elementor-widget elementor-widget-text-editor\" data-id=\"009f29c\" data-element_type=\"widget\" data-e-type=\"widget\" data-widget_type=\"text-editor.default\">\n\t\t\t\t<div class=\"elementor-widget-container\">\n\t\t\t\t\t\t\t\t\t<p>PLASMADIAM SA kann nicht f\u00fcr direkte oder indirekte Sch\u00e4den haftbar gemacht werden, die durch die Ausr\u00fcstung des Benutzers beim Zugriff auf die Website www.plasmadiam.com verursacht werden und die entweder auf die Verwendung von Ger\u00e4ten zur\u00fcckzuf\u00fchren sind, die nicht den in Punkt 4 genannten Spezifikationen entsprechen, oder auf das Auftreten eines Fehlers oder einer Inkompatibilit\u00e4t.<\/p>\n<p>PLASMADIAM SA kann auch nicht f\u00fcr Folgesch\u00e4den (wie z.B. Markt- oder Chancenverluste) haftbar gemacht werden, die sich aus der Nutzung der Website www.plasmadiam.com ergeben.<\/p>\n<p>Interaktive Bereiche (M\u00f6glichkeit, Fragen im Kontaktbereich zu stellen) stehen den Benutzern zur Verf\u00fcgung. PLASMADIAM SA beh\u00e4lt sich das Recht vor, ohne Vorank\u00fcndigung alle in diesem Bereich eingestellten Inhalte zu l\u00f6schen, die gegen die in Frankreich geltende Gesetzgebung, insbesondere gegen die Bestimmungen zum Datenschutz, versto\u00dfen w\u00fcrden. Gegebenenfalls beh\u00e4lt sich PLASMADIAM SA auch das Recht vor, die zivil- und\/oder strafrechtliche Haftung des Nutzers in Frage zu stellen, insbesondere im Falle einer rassistischen, beleidigenden, verleumderischen oder pornografischen Nachricht, unabh\u00e4ngig vom verwendeten Medium (Texte, Fotos, etc.).  <\/p>\n\t\t\t\t\t\t\t\t<\/div>\n\t\t\t\t<\/div>\n\t\t\t\t<div class=\"elementor-element elementor-element-265dcc6 elementor-widget elementor-widget-heading\" data-id=\"265dcc6\" data-element_type=\"widget\" data-e-type=\"widget\" data-widget_type=\"heading.default\">\n\t\t\t\t<div class=\"elementor-widget-container\">\n\t\t\t\t\t<h2 class=\"elementor-heading-title elementor-size-default\">7. Verwaltung der pers\u00f6nlichen Daten<\/h2>\t\t\t\t<\/div>\n\t\t\t\t<\/div>\n\t\t\t\t<div class=\"elementor-element elementor-element-ee9fac9 elementor-widget elementor-widget-text-editor\" data-id=\"ee9fac9\" data-element_type=\"widget\" data-e-type=\"widget\" data-widget_type=\"text-editor.default\">\n\t\t\t\t<div class=\"elementor-widget-container\">\n\t\t\t\t\t\t\t\t\t<p>In der Schweiz werden personenbezogene Daten insbesondere durch das Gesetz Nr. 78-87 vom 6. Januar 1978, das Gesetz Nr. 2004-801 vom 6. August 2004, Artikel L. 226-13 des Strafgesetzbuches und die europ\u00e4ische Richtlinie vom 24. Oktober 1995 gesch\u00fctzt.<\/p>\n<p>Bei der Nutzung der Website www.plasmadiam.com k\u00f6nnen erfasst werden: die URL der Links, \u00fcber die der Benutzer auf die Website www.plasmadiam.com zugreift, der Zugangsprovider des Benutzers, die Internetprotokoll (IP)-Adresse des Benutzers.<\/p>\n<p>In jedem Fall sammelt PLASMADIAM SA pers\u00f6nliche Informationen \u00fcber den Benutzer nur f\u00fcr den Bedarf an bestimmten Dienstleistungen, die von der Website www.plasmadiam.com angeboten werden. Der Nutzer stellt diese Informationen in voller Kenntnis der Sachlage zur Verf\u00fcgung, insbesondere wenn er sie selbst eingibt. Der Nutzer der Website www.plasmadiam.com ist dann verpflichtet, diese Informationen zur Verf\u00fcgung zu stellen oder nicht.  <\/p>\n<p>Gem\u00e4\u00df den Bestimmungen der Artikel 38 und folgende des Gesetzes 78-17 vom 6. Januar 1978 \u00fcber die Datenverarbeitung, die Dateien und die Freiheiten hat jeder Nutzer ein Recht auf Zugang, Berichtigung und Einspruch gegen die ihn betreffenden personenbezogenen Daten, indem er einen schriftlichen und unterzeichneten Antrag stellt, dem eine Kopie des Ausweises mit Unterschrift des Inhabers des Dokuments beigef\u00fcgt ist und in dem die Adresse angegeben ist, an die die Antwort geschickt werden muss. <\/p>\n<p>Keine pers\u00f6nlichen Daten des Nutzers der Website www.plasmadiam.com werden ohne dessen Wissen ver\u00f6ffentlicht, ausgetauscht, gel\u00f6scht, abgetreten oder auf irgendeinem Medium an Dritte verkauft. Lediglich die \u00dcbernahme der R\u00fccknahme durch PLASMADIAM SA und deren Rechte erlauben die Weitergabe der besagten Informationen an den potentiellen K\u00e4ufer, der seinerseits an die gleiche Verpflichtung zur Speicherung und \u00c4nderung der Daten in Bezug auf den Nutzer der Website gebunden ist. www.plasmadam.com.  <\/p>\n<p>Die Website ist nicht bei der CNIL gemeldet, da sie keine pers\u00f6nlichen Daten sammelt.<\/p>\n<p>Die Datenbanken sind durch die Bestimmungen des Gesetzes vom 1. Juli 1998 zur Umsetzung der Richtlinie 96\/9 vom 11. M\u00e4rz 1996 \u00fcber den rechtlichen Schutz von Datenbanken gesch\u00fctzt.<\/p>\n\t\t\t\t\t\t\t\t<\/div>\n\t\t\t\t<\/div>\n\t\t\t\t<div class=\"elementor-element elementor-element-e21ef3c elementor-widget elementor-widget-heading\" data-id=\"e21ef3c\" data-element_type=\"widget\" data-e-type=\"widget\" data-widget_type=\"heading.default\">\n\t\t\t\t<div class=\"elementor-widget-container\">\n\t\t\t\t\t<h2 class=\"elementor-heading-title elementor-size-default\">8. Hypertext-Links und Cookies<\/h2>\t\t\t\t<\/div>\n\t\t\t\t<\/div>\n\t\t\t\t<div class=\"elementor-element elementor-element-19077b5 elementor-widget elementor-widget-text-editor\" data-id=\"19077b5\" data-element_type=\"widget\" data-e-type=\"widget\" data-widget_type=\"text-editor.default\">\n\t\t\t\t<div class=\"elementor-widget-container\">\n\t\t\t\t\t\t\t\t\t<p>Die Website www.plasmadiam.com enth\u00e4lt eine gewisse Anzahl von Hypertext-Links zu anderen Websites, die mit Genehmigung von PLASMADIAM SA eingerichtet wurden. PLASMADIAM SA hat jedoch nicht die M\u00f6glichkeit, den Inhalt der so besuchten Websites zu \u00fcberpr\u00fcfen und \u00fcbernimmt folglich keine Verantwortung f\u00fcr diese Tatsache. <\/p>\n<p>Das Surfen auf der Website www.plasmadiam.com kann zur Installation von Cookies auf dem Computer des Benutzers f\u00fchren. Ein Cookie ist eine kleine Datei, die keine Identifizierung des Benutzers erm\u00f6glicht, sondern Informationen \u00fcber die Navigation eines Computers auf einer Website speichert. Die auf diese Weise erhaltenen Daten erleichtern die sp\u00e4tere Navigation auf der Website und sollen verschiedene Ma\u00dfnahmen zur Besucherbetreuung erm\u00f6glichen.  <\/p>\n<p>Die Verweigerung der Installation eines Cookies kann den Zugriff auf bestimmte Dienste unm\u00f6glich machen. Der Benutzer kann seinen Computer jedoch wie folgt konfigurieren, um die Installation von Cookies zu verweigern&nbsp;: <\/p>\n<p>Im Internet Explorer: Registerkarte Extras (Piktogramm in Form eines Zahnrads oben rechts) \/ Internetoptionen. Klicken Sie auf Datenschutz und w\u00e4hlen Sie Alle Cookies blockieren. Best\u00e4tigen Sie mit Ok.  <\/p>\n<p>Unter Firefox: Klicken Sie oben im Browserfenster auf die Schaltfl\u00e4che Firefox und gehen Sie dann zur Registerkarte Optionen. Klicken Sie auf die Registerkarte Datenschutz. Setzen Sie die Aufbewahrungsregeln auf&nbsp;: Benutzerdefinierte Einstellungen f\u00fcr den Verlauf verwenden. Deaktivieren Sie schlie\u00dflich das H\u00e4kchen, um Cookies zu deaktivieren.   <\/p>\n<p>Unter Safari: Klicken Sie oben rechts im Browser auf das Men\u00fcsymbol (symbolisiert durch ein Zahnrad). W\u00e4hlen Sie Einstellungen. Klicken Sie auf Erweiterte Einstellungen anzeigen. Klicken Sie im Abschnitt &#8222;Datenschutz&#8220; auf Inhaltseinstellungen. In der Rubrik &#8222;Cookies&#8220; k\u00f6nnen Sie Cookies deaktivieren.    <\/p>\n<p>In Chrome: Klicken Sie oben rechts im Browser auf das Men\u00fcsymbol (symbolisiert durch drei horizontale Linien). W\u00e4hlen Sie Einstellungen. Klicken Sie auf Erweiterte Einstellungen anzeigen. Klicken Sie im Abschnitt &#8222;Datenschutz&#8220; auf Einstellungen. Auf der Registerkarte &#8222;Datenschutz&#8220; k\u00f6nnen Sie Cookies deaktivieren.    <\/p>\t\t\t\t\t\t\t\t<\/div>\n\t\t\t\t<\/div>\n\t\t\t\t<div class=\"elementor-element elementor-element-6b702d1 elementor-widget elementor-widget-heading\" data-id=\"6b702d1\" data-element_type=\"widget\" data-e-type=\"widget\" data-widget_type=\"heading.default\">\n\t\t\t\t<div class=\"elementor-widget-container\">\n\t\t\t\t\t<h2 class=\"elementor-heading-title elementor-size-default\">9. Geltendes Recht und Gerichtsstand<\/h2>\t\t\t\t<\/div>\n\t\t\t\t<\/div>\n\t\t\t\t<div class=\"elementor-element elementor-element-1180ce7 elementor-widget elementor-widget-text-editor\" data-id=\"1180ce7\" data-element_type=\"widget\" data-e-type=\"widget\" data-widget_type=\"text-editor.default\">\n\t\t\t\t<div class=\"elementor-widget-container\">\n\t\t\t\t\t\t\t\t\t<p>Alle Streitigkeiten im Zusammenhang mit der Nutzung der Website www.plasmadiam.com unterliegen dem Schweizer Recht. Die ausschlie\u00dfliche Zust\u00e4ndigkeit liegt bei den zust\u00e4ndigen Gerichten in Bern. <\/p>\n\t\t\t\t\t\t\t\t<\/div>\n\t\t\t\t<\/div>\n\t\t\t\t<div class=\"elementor-element elementor-element-c91bd2c elementor-widget elementor-widget-heading\" data-id=\"c91bd2c\" data-element_type=\"widget\" data-e-type=\"widget\" data-widget_type=\"heading.default\">\n\t\t\t\t<div class=\"elementor-widget-container\">\n\t\t\t\t\t<h2 class=\"elementor-heading-title elementor-size-default\">10. Die wichtigsten betroffenen Gesetze<\/h2>\t\t\t\t<\/div>\n\t\t\t\t<\/div>\n\t\t\t\t<div class=\"elementor-element elementor-element-1cc9219 elementor-widget elementor-widget-text-editor\" data-id=\"1cc9219\" data-element_type=\"widget\" data-e-type=\"widget\" data-widget_type=\"text-editor.default\">\n\t\t\t\t<div class=\"elementor-widget-container\">\n\t\t\t\t\t\t\t\t\t<p>Gesetz Nr. 78-17 vom 6. Januar 1978, insbesondere ge\u00e4ndert durch das Gesetz Nr. 2004-801 vom 6. August 2004 \u00fcber die Datenverarbeitung, Dateien und Freiheiten.<\/p>\n<p>Gesetz Nr. 2004-575 vom 21. Juni 2004 \u00fcber das Vertrauen in die digitale Wirtschaft.<\/p>\n\t\t\t\t\t\t\t\t<\/div>\n\t\t\t\t<\/div>\n\t\t\t\t<div class=\"elementor-element elementor-element-b7aeb98 elementor-widget elementor-widget-heading\" data-id=\"b7aeb98\" data-element_type=\"widget\" data-e-type=\"widget\" data-widget_type=\"heading.default\">\n\t\t\t\t<div class=\"elementor-widget-container\">\n\t\t\t\t\t<h2 class=\"elementor-heading-title elementor-size-default\">11. Glossar<\/h2>\t\t\t\t<\/div>\n\t\t\t\t<\/div>\n\t\t\t\t<div class=\"elementor-element elementor-element-182f23a elementor-widget elementor-widget-text-editor\" data-id=\"182f23a\" data-element_type=\"widget\" data-e-type=\"widget\" data-widget_type=\"text-editor.default\">\n\t\t\t\t<div class=\"elementor-widget-container\">\n\t\t\t\t\t\t\t\t\t<p>Benutzer : Internetbenutzer, der sich \u00fcber die oben genannte Website verbindet.<\/p>\n<p>Pers\u00f6nliche Informationen: &#8222;Informationen, die in irgendeiner Form, direkt oder indirekt, die Identifizierung der nat\u00fcrlichen Personen erm\u00f6glichen, auf die sie sich beziehen&#8220; (Artikel 4 des Gesetzes Nr. 78-17 vom 6. Januar 1978).<\/p>\n\t\t\t\t\t\t\t\t<\/div>\n\t\t\t\t<\/div>\n\t\t\t\t\t<\/div>\n\t\t<\/div>\n\t\t\t\t\t<\/div>\n\t\t<\/section>\n\t\t\t\t<\/div>\n\t\t","protected":false},"excerpt":{"rendered":"<p>1. Pr\u00e4sentation der Website Gem\u00e4\u00df Artikel 6 des Gesetzes Nr. 2004-575 vom 21. Juni 2004 \u00fcber das Vertrauen in die digitale Wirtschaft werden die Nutzer der Website www.plasmadiam.com \u00fcber die Identit\u00e4t der verschiedenen Akteure im Rahmen der Umsetzung und \u00dcberwachung des Gesetzes informiert: Eigent\u00fcmer: PLASMADIAM SA &#8211; Handelsregister &#8211; Kanton Neuch\u00e2tel CHE-110.518.368 &#8211; All\u00e9e des [&hellip;]<\/p>\n","protected":false},"author":1,"featured_media":0,"parent":0,"menu_order":0,"comment_status":"closed","ping_status":"closed","template":"","meta":{"footnotes":""},"class_list":["post-6706","page","type-page","status-publish","hentry"],"_links":{"self":[{"href":"https:\/\/plasmadiam.com\/de\/wp-json\/wp\/v2\/pages\/6706","targetHints":{"allow":["GET"]}}],"collection":[{"href":"https:\/\/plasmadiam.com\/de\/wp-json\/wp\/v2\/pages"}],"about":[{"href":"https:\/\/plasmadiam.com\/de\/wp-json\/wp\/v2\/types\/page"}],"author":[{"embeddable":true,"href":"https:\/\/plasmadiam.com\/de\/wp-json\/wp\/v2\/users\/1"}],"replies":[{"embeddable":true,"href":"https:\/\/plasmadiam.com\/de\/wp-json\/wp\/v2\/comments?post=6706"}],"version-history":[{"count":0,"href":"https:\/\/plasmadiam.com\/de\/wp-json\/wp\/v2\/pages\/6706\/revisions"}],"wp:attachment":[{"href":"https:\/\/plasmadiam.com\/de\/wp-json\/wp\/v2\/media?parent=6706"}],"curies":[{"name":"wp","href":"https:\/\/api.w.org\/{rel}","templated":true}]}}