{"id":6715,"date":"2024-10-16T14:01:00","date_gmt":"2024-10-16T12:01:00","guid":{"rendered":"https:\/\/plasmadiam.com\/komponenten\/"},"modified":"2025-01-09T10:36:53","modified_gmt":"2025-01-09T09:36:53","slug":"komponenten","status":"publish","type":"page","link":"https:\/\/plasmadiam.com\/de\/komponenten\/","title":{"rendered":"Komponenten"},"content":{"rendered":"\t\t<div data-elementor-type=\"wp-page\" data-elementor-id=\"6715\" class=\"elementor elementor-6715 elementor-125\" data-elementor-post-type=\"page\">\n\t\t\t\t\t\t<section data-dce-background-image-url=\"https:\/\/plasmadiam.com\/wp-content\/uploads\/2024\/10\/banner-comp.webp\" class=\"elementor-section elementor-top-section elementor-element elementor-element-d0216c0 elementor-section-full_width elementor-section-height-min-height elementor-section-height-default elementor-section-items-middle\" data-id=\"d0216c0\" data-element_type=\"section\" data-settings=\"{&quot;background_background&quot;:&quot;classic&quot;}\">\n\t\t\t\t\t\t\t<div class=\"elementor-background-overlay\"><\/div>\n\t\t\t\t\t\t\t<div class=\"elementor-container elementor-column-gap-no\">\n\t\t\t\t\t<div class=\"elementor-column elementor-col-100 elementor-top-column elementor-element elementor-element-f17af4b\" data-id=\"f17af4b\" data-element_type=\"column\">\n\t\t\t<div class=\"elementor-widget-wrap elementor-element-populated\">\n\t\t\t\t\t\t<div class=\"elementor-element elementor-element-6112ec8 elementor-invisible elementor-widget elementor-widget-heading\" data-id=\"6112ec8\" data-element_type=\"widget\" data-settings=\"{&quot;_animation&quot;:&quot;fadeInUp&quot;}\" data-widget_type=\"heading.default\">\n\t\t\t\t<div class=\"elementor-widget-container\">\n\t\t\t\t\t<h2 class=\"elementor-heading-title elementor-size-default\">Komponenten<\/h2>\t\t\t\t<\/div>\n\t\t\t\t<\/div>\n\t\t\t\t<div class=\"elementor-element elementor-element-977fd86 elementor-widget elementor-widget-jet-button\" data-id=\"977fd86\" data-element_type=\"widget\" data-widget_type=\"jet-button.default\">\n\t\t\t\t<div class=\"elementor-widget-container\">\n\t\t\t\t\t<div class=\"elementor-jet-button jet-elements\"><div class=\"jet-button__container\">\n\t<a class=\"jet-button__instance jet-button__instance--icon-left hover-effect-10\" href=\"\/pdflip\/index.html\" target=\"_blank\">\n\t\t<div class=\"jet-button__plane jet-button__plane-normal\"><\/div>\n\t\t<div class=\"jet-button__plane jet-button__plane-hover\"><\/div>\n\t\t<div class=\"jet-button__state jet-button__state-normal\">\n\t\t\t<span class=\"jet-button__icon jet-elements-icon\"><svg xmlns=\"http:\/\/www.w3.org\/2000\/svg\" id=\"uuid-1369fc2d-4ce8-4784-9921-5601f5df1c67\" data-name=\"Calque 2\" viewBox=\"0 0 44.04 44.04\"><g id=\"uuid-b4998c77-34e2-4297-a13c-70a4f5ed641e\" data-name=\"Capa 1\"><polygon points=\"22.02 0 20.61 1.41 40.21 21.02 0 21.02 0 23.02 40.21 23.02 20.61 42.63 22.02 44.04 44.04 22.02 22.02 0\" style=\"fill: #fff;\"><\/polygon><\/g><\/svg><\/span><span class=\"jet-button__label\">Entdecken Sie unseren Katalog<\/span>\t\t<\/div>\n\t\t<div class=\"jet-button__state jet-button__state-hover\">\n\t\t\t<span class=\"jet-button__icon jet-elements-icon\"><svg xmlns=\"http:\/\/www.w3.org\/2000\/svg\" id=\"uuid-1369fc2d-4ce8-4784-9921-5601f5df1c67\" data-name=\"Calque 2\" viewBox=\"0 0 44.04 44.04\"><g id=\"uuid-b4998c77-34e2-4297-a13c-70a4f5ed641e\" data-name=\"Capa 1\"><polygon points=\"22.02 0 20.61 1.41 40.21 21.02 0 21.02 0 23.02 40.21 23.02 20.61 42.63 22.02 44.04 44.04 22.02 22.02 0\" style=\"fill: #fff;\"><\/polygon><\/g><\/svg><\/span><span class=\"jet-button__label\">Entdecken Sie unseren Katalog<\/span>\t\t<\/div>\n\t<\/a>\n<\/div>\n<\/div>\t\t\t\t<\/div>\n\t\t\t\t<\/div>\n\t\t\t\t\t<\/div>\n\t\t<\/div>\n\t\t\t\t\t<\/div>\n\t\t<\/section>\n\t\t\t\t<section data-dce-background-overlay-image-url=\"https:\/\/plasmadiam.com\/wp-content\/uploads\/2024\/10\/swiwwdownmax.svg\" class=\"elementor-section elementor-top-section elementor-element elementor-element-3032f49 elementor-section-full_width elementor-section-height-default elementor-section-height-default\" data-id=\"3032f49\" data-element_type=\"section\" data-settings=\"{&quot;background_background&quot;:&quot;classic&quot;}\">\n\t\t\t\t\t\t\t<div class=\"elementor-background-overlay\"><\/div>\n\t\t\t\t\t\t\t<div class=\"elementor-container elementor-column-gap-no\">\n\t\t\t\t\t<div class=\"elementor-column elementor-col-100 elementor-top-column elementor-element elementor-element-4e54931\" data-id=\"4e54931\" data-element_type=\"column\">\n\t\t\t<div class=\"elementor-widget-wrap elementor-element-populated\">\n\t\t\t\t\t\t<section class=\"elementor-section elementor-inner-section elementor-element elementor-element-c9d7356 repair elementor-section-full_width elementor-section-height-default elementor-section-height-default\" data-id=\"c9d7356\" data-element_type=\"section\">\n\t\t\t\t\t\t<div class=\"elementor-container elementor-column-gap-default\">\n\t\t\t\t\t<div class=\"elementor-column elementor-col-20 elementor-inner-column elementor-element elementor-element-34ce9b6\" data-id=\"34ce9b6\" data-element_type=\"column\" data-settings=\"{&quot;background_background&quot;:&quot;classic&quot;}\">\n\t\t\t<div class=\"elementor-widget-wrap elementor-element-populated\">\n\t\t\t\t\t\t<div class=\"elementor-element elementor-element-7509e6e elementor-widget elementor-widget-image\" data-id=\"7509e6e\" data-element_type=\"widget\" data-widget_type=\"image.default\">\n\t\t\t\t<div class=\"elementor-widget-container\">\n\t\t\t\t\t\t\t\t\t\t\t\t\t\t\t<img decoding=\"async\" src=\"https:\/\/plasmadiam.com\/wp-content\/uploads\/2024\/10\/KFImage2.jpg\" title=\"KFImage2.jpg\" alt=\"KFImage2.jpg\" loading=\"lazy\" \/>\t\t\t\t\t\t\t\t\t\t\t\t\t\t\t<\/div>\n\t\t\t\t<\/div>\n\t\t\t\t<div class=\"elementor-element elementor-element-735bf1b elementor-widget elementor-widget-heading\" data-id=\"735bf1b\" data-element_type=\"widget\" data-widget_type=\"heading.default\">\n\t\t\t\t<div class=\"elementor-widget-container\">\n\t\t\t\t\t<h2 class=\"elementor-heading-title elementor-size-default\">KF \/ ISO-K \/ CF<\/h2>\t\t\t\t<\/div>\n\t\t\t\t<\/div>\n\t\t\t\t\t<\/div>\n\t\t<\/div>\n\t\t\t\t<div class=\"elementor-column elementor-col-20 elementor-inner-column elementor-element elementor-element-dc74f26\" data-id=\"dc74f26\" data-element_type=\"column\" data-settings=\"{&quot;background_background&quot;:&quot;classic&quot;}\">\n\t\t\t<div class=\"elementor-widget-wrap elementor-element-populated\">\n\t\t\t\t\t\t<div class=\"elementor-element elementor-element-4f3e43a elementor-widget elementor-widget-image\" data-id=\"4f3e43a\" data-element_type=\"widget\" data-widget_type=\"image.default\">\n\t\t\t\t<div class=\"elementor-widget-container\">\n\t\t\t\t\t\t\t\t\t\t\t\t\t\t\t<img decoding=\"async\" src=\"https:\/\/plasmadiam.com\/wp-content\/uploads\/2024\/10\/feedthrough.jpg\" title=\"feedthrough.jpg\" alt=\"feedthrough.jpg\" loading=\"lazy\" \/>\t\t\t\t\t\t\t\t\t\t\t\t\t\t\t<\/div>\n\t\t\t\t<\/div>\n\t\t\t\t<div class=\"elementor-element elementor-element-9005057 elementor-widget elementor-widget-heading\" data-id=\"9005057\" data-element_type=\"widget\" data-widget_type=\"heading.default\">\n\t\t\t\t<div class=\"elementor-widget-container\">\n\t\t\t\t\t<h2 class=\"elementor-heading-title elementor-size-default\">Durchf\u00fchrungen<\/h2>\t\t\t\t<\/div>\n\t\t\t\t<\/div>\n\t\t\t\t\t<\/div>\n\t\t<\/div>\n\t\t\t\t<div class=\"elementor-column elementor-col-20 elementor-inner-column elementor-element elementor-element-9738c3e\" data-id=\"9738c3e\" data-element_type=\"column\" data-settings=\"{&quot;background_background&quot;:&quot;classic&quot;}\">\n\t\t\t<div class=\"elementor-widget-wrap elementor-element-populated\">\n\t\t\t\t\t\t<div class=\"elementor-element elementor-element-f71aaef elementor-widget elementor-widget-image\" data-id=\"f71aaef\" data-element_type=\"widget\" data-widget_type=\"image.default\">\n\t\t\t\t<div class=\"elementor-widget-container\">\n\t\t\t\t\t\t\t\t\t\t\t\t\t\t\t<img decoding=\"async\" src=\"https:\/\/plasmadiam.com\/wp-content\/uploads\/2024\/10\/vacuum-chamber.jpg\" title=\"vacuum-chamber.jpg\" alt=\"vacuum-chamber.jpg\" loading=\"lazy\" \/>\t\t\t\t\t\t\t\t\t\t\t\t\t\t\t<\/div>\n\t\t\t\t<\/div>\n\t\t\t\t<div class=\"elementor-element elementor-element-4a86ca2 elementor-widget elementor-widget-heading\" data-id=\"4a86ca2\" data-element_type=\"widget\" data-widget_type=\"heading.default\">\n\t\t\t\t<div class=\"elementor-widget-container\">\n\t\t\t\t\t<h2 class=\"elementor-heading-title elementor-size-default\">Vakuumkammer<\/h2>\t\t\t\t<\/div>\n\t\t\t\t<\/div>\n\t\t\t\t\t<\/div>\n\t\t<\/div>\n\t\t\t\t<div class=\"elementor-column elementor-col-20 elementor-inner-column elementor-element elementor-element-3d5bd77\" data-id=\"3d5bd77\" data-element_type=\"column\" data-settings=\"{&quot;background_background&quot;:&quot;classic&quot;}\">\n\t\t\t<div class=\"elementor-widget-wrap elementor-element-populated\">\n\t\t\t\t\t\t<div class=\"elementor-element elementor-element-300e649 elementor-widget elementor-widget-image\" data-id=\"300e649\" data-element_type=\"widget\" data-widget_type=\"image.default\">\n\t\t\t\t<div class=\"elementor-widget-container\">\n\t\t\t\t\t\t\t\t\t\t\t\t\t\t\t<img decoding=\"async\" src=\"https:\/\/plasmadiam.com\/wp-content\/uploads\/2024\/10\/viewport.jpg\" title=\"viewport.jpg\" alt=\"viewport.jpg\" loading=\"lazy\" \/>\t\t\t\t\t\t\t\t\t\t\t\t\t\t\t<\/div>\n\t\t\t\t<\/div>\n\t\t\t\t<div class=\"elementor-element elementor-element-3b9d0d9 elementor-widget elementor-widget-heading\" data-id=\"3b9d0d9\" data-element_type=\"widget\" data-widget_type=\"heading.default\">\n\t\t\t\t<div class=\"elementor-widget-container\">\n\t\t\t\t\t<h2 class=\"elementor-heading-title elementor-size-default\">Vakuum-Viewports<\/h2>\t\t\t\t<\/div>\n\t\t\t\t<\/div>\n\t\t\t\t\t<\/div>\n\t\t<\/div>\n\t\t\t\t<div class=\"elementor-column elementor-col-20 elementor-inner-column elementor-element elementor-element-7a06351\" data-id=\"7a06351\" data-element_type=\"column\" data-settings=\"{&quot;background_background&quot;:&quot;classic&quot;}\">\n\t\t\t<div class=\"elementor-widget-wrap elementor-element-populated\">\n\t\t\t\t\t\t<div class=\"elementor-element elementor-element-3e54e21 elementor-widget elementor-widget-image\" data-id=\"3e54e21\" data-element_type=\"widget\" data-widget_type=\"image.default\">\n\t\t\t\t<div class=\"elementor-widget-container\">\n\t\t\t\t\t\t\t\t\t\t\t\t\t\t\t<img decoding=\"async\" src=\"https:\/\/plasmadiam.com\/wp-content\/uploads\/2024\/10\/below.png\" title=\"below.png\" alt=\"below.png\" loading=\"lazy\" \/>\t\t\t\t\t\t\t\t\t\t\t\t\t\t\t<\/div>\n\t\t\t\t<\/div>\n\t\t\t\t<div class=\"elementor-element elementor-element-693d4e0 elementor-widget elementor-widget-heading\" data-id=\"693d4e0\" data-element_type=\"widget\" data-widget_type=\"heading.default\">\n\t\t\t\t<div class=\"elementor-widget-container\">\n\t\t\t\t\t<h2 class=\"elementor-heading-title elementor-size-default\">Unten &amp; Flexibles Schl\u00e4uche<\/h2>\t\t\t\t<\/div>\n\t\t\t\t<\/div>\n\t\t\t\t\t<\/div>\n\t\t<\/div>\n\t\t\t\t\t<\/div>\n\t\t<\/section>\n\t\t\t\t<section class=\"elementor-section elementor-inner-section elementor-element elementor-element-3ca9f59 elementor-section-full_width elementor-section-height-default elementor-section-height-default\" data-id=\"3ca9f59\" data-element_type=\"section\">\n\t\t\t\t\t\t<div class=\"elementor-container elementor-column-gap-default\">\n\t\t\t\t\t<div class=\"elementor-column elementor-col-20 elementor-inner-column elementor-element elementor-element-51e7afa\" data-id=\"51e7afa\" data-element_type=\"column\" data-settings=\"{&quot;background_background&quot;:&quot;classic&quot;}\">\n\t\t\t<div class=\"elementor-widget-wrap elementor-element-populated\">\n\t\t\t\t\t\t<div class=\"elementor-element elementor-element-2f5a58a elementor-widget elementor-widget-image\" data-id=\"2f5a58a\" data-element_type=\"widget\" data-widget_type=\"image.default\">\n\t\t\t\t<div class=\"elementor-widget-container\">\n\t\t\t\t\t\t\t\t\t\t\t\t\t\t\t<img decoding=\"async\" src=\"https:\/\/plasmadiam.com\/wp-content\/uploads\/2024\/10\/filters.png\" title=\"filters.png\" alt=\"filters.png\" loading=\"lazy\" \/>\t\t\t\t\t\t\t\t\t\t\t\t\t\t\t<\/div>\n\t\t\t\t<\/div>\n\t\t\t\t<div class=\"elementor-element elementor-element-dc082ad elementor-widget elementor-widget-heading\" data-id=\"dc082ad\" data-element_type=\"widget\" data-widget_type=\"heading.default\">\n\t\t\t\t<div class=\"elementor-widget-container\">\n\t\t\t\t\t<h2 class=\"elementor-heading-title elementor-size-default\">Filter, Abscheider &amp; Schalld\u00e4mpfer<\/h2>\t\t\t\t<\/div>\n\t\t\t\t<\/div>\n\t\t\t\t\t<\/div>\n\t\t<\/div>\n\t\t\t\t<div class=\"elementor-column elementor-col-20 elementor-inner-column elementor-element elementor-element-1854184\" data-id=\"1854184\" data-element_type=\"column\" data-settings=\"{&quot;background_background&quot;:&quot;classic&quot;}\">\n\t\t\t<div class=\"elementor-widget-wrap elementor-element-populated\">\n\t\t\t\t\t\t<div class=\"elementor-element elementor-element-0088bc2 elementor-widget elementor-widget-image\" data-id=\"0088bc2\" data-element_type=\"widget\" data-widget_type=\"image.default\">\n\t\t\t\t<div class=\"elementor-widget-container\">\n\t\t\t\t\t\t\t\t\t\t\t\t\t\t\t<img decoding=\"async\" src=\"https:\/\/plasmadiam.com\/wp-content\/uploads\/2024\/10\/oil.png\" title=\"oil.png\" alt=\"oil.png\" loading=\"lazy\" \/>\t\t\t\t\t\t\t\t\t\t\t\t\t\t\t<\/div>\n\t\t\t\t<\/div>\n\t\t\t\t<div class=\"elementor-element elementor-element-0462b9c elementor-widget elementor-widget-heading\" data-id=\"0462b9c\" data-element_type=\"widget\" data-widget_type=\"heading.default\">\n\t\t\t\t<div class=\"elementor-widget-container\">\n\t\t\t\t\t<h2 class=\"elementor-heading-title elementor-size-default\">\u00d6le &amp; Fette<\/h2>\t\t\t\t<\/div>\n\t\t\t\t<\/div>\n\t\t\t\t\t<\/div>\n\t\t<\/div>\n\t\t\t\t<div class=\"elementor-column elementor-col-20 elementor-inner-column elementor-element elementor-element-9fa4844\" data-id=\"9fa4844\" data-element_type=\"column\" data-settings=\"{&quot;background_background&quot;:&quot;classic&quot;}\">\n\t\t\t<div class=\"elementor-widget-wrap elementor-element-populated\">\n\t\t\t\t\t\t<div class=\"elementor-element elementor-element-b598ab2 elementor-widget elementor-widget-image\" data-id=\"b598ab2\" data-element_type=\"widget\" data-widget_type=\"image.default\">\n\t\t\t\t<div class=\"elementor-widget-container\">\n\t\t\t\t\t\t\t\t\t\t\t\t\t\t\t<img decoding=\"async\" src=\"https:\/\/plasmadiam.com\/wp-content\/uploads\/2024\/10\/valves.jpg\" title=\"valves.jpg\" alt=\"valves.jpg\" loading=\"lazy\" \/>\t\t\t\t\t\t\t\t\t\t\t\t\t\t\t<\/div>\n\t\t\t\t<\/div>\n\t\t\t\t<div class=\"elementor-element elementor-element-8444fb2 elementor-widget elementor-widget-heading\" data-id=\"8444fb2\" data-element_type=\"widget\" data-widget_type=\"heading.default\">\n\t\t\t\t<div class=\"elementor-widget-container\">\n\t\t\t\t\t<h2 class=\"elementor-heading-title elementor-size-default\">Vakuum-Ventile<\/h2>\t\t\t\t<\/div>\n\t\t\t\t<\/div>\n\t\t\t\t\t<\/div>\n\t\t<\/div>\n\t\t\t\t<div class=\"elementor-column elementor-col-20 elementor-inner-column elementor-element elementor-element-bfaa3d6\" data-id=\"bfaa3d6\" data-element_type=\"column\" data-settings=\"{&quot;background_background&quot;:&quot;classic&quot;}\">\n\t\t\t<div class=\"elementor-widget-wrap elementor-element-populated\">\n\t\t\t\t\t\t<div class=\"elementor-element elementor-element-d6e1b85 elementor-widget elementor-widget-image\" data-id=\"d6e1b85\" data-element_type=\"widget\" data-widget_type=\"image.default\">\n\t\t\t\t<div class=\"elementor-widget-container\">\n\t\t\t\t\t\t\t\t\t\t\t\t\t\t\t<img decoding=\"async\" src=\"https:\/\/plasmadiam.com\/wp-content\/uploads\/2024\/10\/motion.jpg\" title=\"motion.jpg\" alt=\"motion.jpg\" loading=\"lazy\" \/>\t\t\t\t\t\t\t\t\t\t\t\t\t\t\t<\/div>\n\t\t\t\t<\/div>\n\t\t\t\t<div class=\"elementor-element elementor-element-cf9b485 elementor-widget elementor-widget-heading\" data-id=\"cf9b485\" data-element_type=\"widget\" data-widget_type=\"heading.default\">\n\t\t\t\t<div class=\"elementor-widget-container\">\n\t\t\t\t\t<h2 class=\"elementor-heading-title elementor-size-default\">Bewegung &amp; Manipulation<\/h2>\t\t\t\t<\/div>\n\t\t\t\t<\/div>\n\t\t\t\t\t<\/div>\n\t\t<\/div>\n\t\t\t\t<div class=\"elementor-column elementor-col-20 elementor-inner-column elementor-element elementor-element-51d1f98\" data-id=\"51d1f98\" data-element_type=\"column\" data-settings=\"{&quot;background_background&quot;:&quot;classic&quot;}\">\n\t\t\t<div class=\"elementor-widget-wrap elementor-element-populated\">\n\t\t\t\t\t\t<div class=\"elementor-element elementor-element-ec026a7 elementor-widget elementor-widget-image\" data-id=\"ec026a7\" data-element_type=\"widget\" data-widget_type=\"image.default\">\n\t\t\t\t<div class=\"elementor-widget-container\">\n\t\t\t\t\t\t\t\t\t\t\t\t\t\t\t<img decoding=\"async\" src=\"https:\/\/plasmadiam.com\/wp-content\/uploads\/2024\/10\/kit.jpg\" title=\"kit.jpg\" alt=\"kit.jpg\" loading=\"lazy\" \/>\t\t\t\t\t\t\t\t\t\t\t\t\t\t\t<\/div>\n\t\t\t\t<\/div>\n\t\t\t\t<div class=\"elementor-element elementor-element-d1235a4 elementor-widget elementor-widget-heading\" data-id=\"d1235a4\" data-element_type=\"widget\" data-widget_type=\"heading.default\">\n\t\t\t\t<div class=\"elementor-widget-container\">\n\t\t\t\t\t<h2 class=\"elementor-heading-title elementor-size-default\">Pumpen-Service-Kits<\/h2>\t\t\t\t<\/div>\n\t\t\t\t<\/div>\n\t\t\t\t\t<\/div>\n\t\t<\/div>\n\t\t\t\t\t<\/div>\n\t\t<\/section>\n\t\t\t\t\t<\/div>\n\t\t<\/div>\n\t\t\t\t\t<\/div>\n\t\t<\/section>\n\t\t\t\t<\/div>\n\t\t","protected":false},"excerpt":{"rendered":"<p>Komponenten Entdecken Sie unseren Katalog Entdecken Sie unseren Katalog KF \/ ISO-K \/ CF Durchf\u00fchrungen Vakuumkammer Vakuum-Viewports Unten &amp; Flexibles Schl\u00e4uche Filter, Abscheider &amp; Schalld\u00e4mpfer \u00d6le &amp; Fette Vakuum-Ventile Bewegung &amp; Manipulation Pumpen-Service-Kits<\/p>\n","protected":false},"author":1,"featured_media":0,"parent":0,"menu_order":0,"comment_status":"closed","ping_status":"closed","template":"","meta":{"footnotes":""},"class_list":["post-6715","page","type-page","status-publish","hentry"],"_links":{"self":[{"href":"https:\/\/plasmadiam.com\/de\/wp-json\/wp\/v2\/pages\/6715","targetHints":{"allow":["GET"]}}],"collection":[{"href":"https:\/\/plasmadiam.com\/de\/wp-json\/wp\/v2\/pages"}],"about":[{"href":"https:\/\/plasmadiam.com\/de\/wp-json\/wp\/v2\/types\/page"}],"author":[{"embeddable":true,"href":"https:\/\/plasmadiam.com\/de\/wp-json\/wp\/v2\/users\/1"}],"replies":[{"embeddable":true,"href":"https:\/\/plasmadiam.com\/de\/wp-json\/wp\/v2\/comments?post=6715"}],"version-history":[{"count":0,"href":"https:\/\/plasmadiam.com\/de\/wp-json\/wp\/v2\/pages\/6715\/revisions"}],"wp:attachment":[{"href":"https:\/\/plasmadiam.com\/de\/wp-json\/wp\/v2\/media?parent=6715"}],"curies":[{"name":"wp","href":"https:\/\/api.w.org\/{rel}","templated":true}]}}