{"id":6724,"date":"2024-10-16T12:39:57","date_gmt":"2024-10-16T10:39:57","guid":{"rendered":"https:\/\/plasmadiam.com\/kalibrierung-des-messgeraets\/"},"modified":"2025-01-09T10:37:14","modified_gmt":"2025-01-09T09:37:14","slug":"kalibrierung-des-messgeraets","status":"publish","type":"page","link":"https:\/\/plasmadiam.com\/de\/dienstleistungen\/kalibrierung-des-messgeraets\/","title":{"rendered":"Kalibrierung des Messger\u00e4ts"},"content":{"rendered":"\t\t<div data-elementor-type=\"wp-page\" data-elementor-id=\"6724\" class=\"elementor elementor-6724 elementor-96\" data-elementor-post-type=\"page\">\n\t\t\t\t\t\t<section data-dce-background-overlay-image-url=\"https:\/\/plasmadiam.com\/wp-content\/uploads\/2024\/10\/lightgreylines.svg\" class=\"elementor-section elementor-top-section elementor-element elementor-element-8b1dc9c elementor-section-full_width elementor-section-content-middle elementor-section-height-default elementor-section-height-default\" data-id=\"8b1dc9c\" data-element_type=\"section\" data-e-type=\"section\" data-settings=\"{&quot;background_background&quot;:&quot;classic&quot;}\">\n\t\t\t\t\t\t\t<div class=\"elementor-background-overlay\"><\/div>\n\t\t\t\t\t\t\t<div class=\"elementor-container elementor-column-gap-no\">\n\t\t\t\t\t<div class=\"elementor-column elementor-col-50 elementor-top-column elementor-element elementor-element-4e27fad elementor-invisible\" data-id=\"4e27fad\" data-element_type=\"column\" data-e-type=\"column\" data-settings=\"{&quot;background_background&quot;:&quot;classic&quot;,&quot;animation&quot;:&quot;fadeInUp&quot;}\">\n\t\t\t<div class=\"elementor-widget-wrap elementor-element-populated\">\n\t\t\t\t\t\t<div class=\"elementor-element elementor-element-e0d0624 elementor-invisible elementor-widget elementor-widget-image\" data-id=\"e0d0624\" data-element_type=\"widget\" data-e-type=\"widget\" data-settings=\"{&quot;_animation&quot;:&quot;fadeIn&quot;}\" data-widget_type=\"image.default\">\n\t\t\t\t<div class=\"elementor-widget-container\">\n\t\t\t\t\t\t\t\t\t\t\t\t\t\t\t<img fetchpriority=\"high\" decoding=\"async\" width=\"873\" height=\"628\" src=\"https:\/\/plasmadiam.com\/wp-content\/uploads\/2024\/10\/3leak.jpg\" class=\"attachment-full size-full wp-image-5551\" alt=\"\" srcset=\"https:\/\/plasmadiam.com\/wp-content\/uploads\/2024\/10\/3leak.jpg 873w, https:\/\/plasmadiam.com\/wp-content\/uploads\/2024\/10\/3leak-300x216.jpg 300w, https:\/\/plasmadiam.com\/wp-content\/uploads\/2024\/10\/3leak-768x552.jpg 768w\" sizes=\"(max-width: 873px) 100vw, 873px\" \/>\t\t\t\t\t\t\t\t\t\t\t\t\t\t\t<\/div>\n\t\t\t\t<\/div>\n\t\t\t\t\t<\/div>\n\t\t<\/div>\n\t\t\t\t<div class=\"elementor-column elementor-col-50 elementor-top-column elementor-element elementor-element-fedc3ca elementor-invisible\" data-id=\"fedc3ca\" data-element_type=\"column\" data-e-type=\"column\" data-settings=\"{&quot;background_background&quot;:&quot;classic&quot;,&quot;animation&quot;:&quot;fadeInUp&quot;}\">\n\t\t\t<div class=\"elementor-widget-wrap elementor-element-populated\">\n\t\t\t\t\t\t<div class=\"elementor-element elementor-element-2a0ba26 elementor-widget elementor-widget-heading\" data-id=\"2a0ba26\" data-element_type=\"widget\" data-e-type=\"widget\" data-widget_type=\"heading.default\">\n\t\t\t\t<div class=\"elementor-widget-container\">\n\t\t\t\t\t<h2 class=\"elementor-heading-title elementor-size-default\">Vakuum-Messger\u00e4t  <\/h2>\t\t\t\t<\/div>\n\t\t\t\t<\/div>\n\t\t\t\t<div class=\"elementor-element elementor-element-e358ea6 elementor-widget elementor-widget-heading\" data-id=\"e358ea6\" data-element_type=\"widget\" data-e-type=\"widget\" data-widget_type=\"heading.default\">\n\t\t\t\t<div class=\"elementor-widget-container\">\n\t\t\t\t\t<h2 class=\"elementor-heading-title elementor-size-default\">Kalibrierungsdienste<\/h2>\t\t\t\t<\/div>\n\t\t\t\t<\/div>\n\t\t\t\t<div class=\"elementor-element elementor-element-50a9f93 elementor-widget-divider--view-line elementor-widget elementor-widget-divider\" data-id=\"50a9f93\" data-element_type=\"widget\" data-e-type=\"widget\" data-widget_type=\"divider.default\">\n\t\t\t\t<div class=\"elementor-widget-container\">\n\t\t\t\t\t\t\t<div class=\"elementor-divider\">\n\t\t\t<span class=\"elementor-divider-separator\">\n\t\t\t\t\t\t<\/span>\n\t\t<\/div>\n\t\t\t\t\t\t<\/div>\n\t\t\t\t<\/div>\n\t\t\t\t<div class=\"elementor-element elementor-element-c7441ef elementor-widget elementor-widget-text-editor\" data-id=\"c7441ef\" data-element_type=\"widget\" data-e-type=\"widget\" data-widget_type=\"text-editor.default\">\n\t\t\t\t<div class=\"elementor-widget-container\">\n\t\t\t\t\t\t\t\t\t<p>Wir von PLASMADIAM S\u00e0rl empfehlen die regelm\u00e4\u00dfige Kalibrierung von Vakuummessger\u00e4ten, um eine optimale Leistung Ihrer Vakuumausr\u00fcstung zu gew\u00e4hrleisten. Plasmadiam s\u0227rl vollst\u00e4ndig ausgestattet, um alle Arten von Vakuummessger\u00e4ten zu kalibrieren, r\u00fcckf\u00fchrbar auf internationale Standards.<\/p>\n\t\t\t\t\t\t\t\t<\/div>\n\t\t\t\t<\/div>\n\t\t\t\t\t<\/div>\n\t\t<\/div>\n\t\t\t\t\t<\/div>\n\t\t<\/section>\n\t\t\t\t<\/div>\n\t\t","protected":false},"excerpt":{"rendered":"<p>Vakuum-Messger\u00e4t Kalibrierungsdienste Wir von PLASMADIAM S\u00e0rl empfehlen die regelm\u00e4\u00dfige Kalibrierung von Vakuummessger\u00e4ten, um eine optimale Leistung Ihrer Vakuumausr\u00fcstung zu gew\u00e4hrleisten. Plasmadiam s\u0227rl vollst\u00e4ndig ausgestattet, um alle Arten von Vakuummessger\u00e4ten zu kalibrieren, r\u00fcckf\u00fchrbar auf internationale Standards.<\/p>\n","protected":false},"author":1,"featured_media":0,"parent":6753,"menu_order":0,"comment_status":"closed","ping_status":"closed","template":"","meta":{"footnotes":""},"class_list":["post-6724","page","type-page","status-publish","hentry"],"_links":{"self":[{"href":"https:\/\/plasmadiam.com\/de\/wp-json\/wp\/v2\/pages\/6724","targetHints":{"allow":["GET"]}}],"collection":[{"href":"https:\/\/plasmadiam.com\/de\/wp-json\/wp\/v2\/pages"}],"about":[{"href":"https:\/\/plasmadiam.com\/de\/wp-json\/wp\/v2\/types\/page"}],"author":[{"embeddable":true,"href":"https:\/\/plasmadiam.com\/de\/wp-json\/wp\/v2\/users\/1"}],"replies":[{"embeddable":true,"href":"https:\/\/plasmadiam.com\/de\/wp-json\/wp\/v2\/comments?post=6724"}],"version-history":[{"count":0,"href":"https:\/\/plasmadiam.com\/de\/wp-json\/wp\/v2\/pages\/6724\/revisions"}],"up":[{"embeddable":true,"href":"https:\/\/plasmadiam.com\/de\/wp-json\/wp\/v2\/pages\/6753"}],"wp:attachment":[{"href":"https:\/\/plasmadiam.com\/de\/wp-json\/wp\/v2\/media?parent=6724"}],"curies":[{"name":"wp","href":"https:\/\/api.w.org\/{rel}","templated":true}]}}