{"id":6720,"date":"2024-10-16T12:39:57","date_gmt":"2024-10-16T10:39:57","guid":{"rendered":"https:\/\/plasmadiam.com\/etalonnage-de-la-jauge\/"},"modified":"2025-01-09T10:37:14","modified_gmt":"2025-01-09T09:37:14","slug":"etalonnage-de-la-jauge","status":"publish","type":"page","link":"https:\/\/plasmadiam.com\/fr\/services\/etalonnage-de-la-jauge\/","title":{"rendered":"\u00c9talonnage de la jauge"},"content":{"rendered":"\t\t<div data-elementor-type=\"wp-page\" data-elementor-id=\"6720\" class=\"elementor elementor-6720 elementor-96\" data-elementor-post-type=\"page\">\n\t\t\t\t\t\t<section data-dce-background-overlay-image-url=\"https:\/\/plasmadiam.com\/wp-content\/uploads\/2024\/10\/lightgreylines.svg\" class=\"elementor-section elementor-top-section elementor-element elementor-element-8b1dc9c elementor-section-full_width elementor-section-content-middle elementor-section-height-default elementor-section-height-default\" data-id=\"8b1dc9c\" data-element_type=\"section\" data-settings=\"{&quot;background_background&quot;:&quot;classic&quot;}\">\n\t\t\t\t\t\t\t<div class=\"elementor-background-overlay\"><\/div>\n\t\t\t\t\t\t\t<div class=\"elementor-container elementor-column-gap-no\">\n\t\t\t\t\t<div class=\"elementor-column elementor-col-50 elementor-top-column elementor-element elementor-element-4e27fad elementor-invisible\" data-id=\"4e27fad\" data-element_type=\"column\" data-settings=\"{&quot;background_background&quot;:&quot;classic&quot;,&quot;animation&quot;:&quot;fadeInUp&quot;}\">\n\t\t\t<div class=\"elementor-widget-wrap elementor-element-populated\">\n\t\t\t\t\t\t<div class=\"elementor-element elementor-element-e0d0624 elementor-invisible elementor-widget elementor-widget-image\" data-id=\"e0d0624\" data-element_type=\"widget\" data-settings=\"{&quot;_animation&quot;:&quot;fadeIn&quot;}\" data-widget_type=\"image.default\">\n\t\t\t\t<div class=\"elementor-widget-container\">\n\t\t\t\t\t\t\t\t\t\t\t\t\t\t\t<img fetchpriority=\"high\" decoding=\"async\" width=\"873\" height=\"628\" src=\"https:\/\/plasmadiam.com\/wp-content\/uploads\/2024\/10\/3leak.jpg\" class=\"attachment-full size-full wp-image-5550\" alt=\"\" srcset=\"https:\/\/plasmadiam.com\/wp-content\/uploads\/2024\/10\/3leak.jpg 873w, https:\/\/plasmadiam.com\/wp-content\/uploads\/2024\/10\/3leak-300x216.jpg 300w, https:\/\/plasmadiam.com\/wp-content\/uploads\/2024\/10\/3leak-768x552.jpg 768w\" sizes=\"(max-width: 873px) 100vw, 873px\" \/>\t\t\t\t\t\t\t\t\t\t\t\t\t\t\t<\/div>\n\t\t\t\t<\/div>\n\t\t\t\t\t<\/div>\n\t\t<\/div>\n\t\t\t\t<div class=\"elementor-column elementor-col-50 elementor-top-column elementor-element elementor-element-fedc3ca elementor-invisible\" data-id=\"fedc3ca\" data-element_type=\"column\" data-settings=\"{&quot;background_background&quot;:&quot;classic&quot;,&quot;animation&quot;:&quot;fadeInUp&quot;}\">\n\t\t\t<div class=\"elementor-widget-wrap elementor-element-populated\">\n\t\t\t\t\t\t<div class=\"elementor-element elementor-element-2a0ba26 elementor-widget elementor-widget-heading\" data-id=\"2a0ba26\" data-element_type=\"widget\" data-widget_type=\"heading.default\">\n\t\t\t\t<div class=\"elementor-widget-container\">\n\t\t\t\t\t<h2 class=\"elementor-heading-title elementor-size-default\">Jauge \u00e0 vide  <\/h2>\t\t\t\t<\/div>\n\t\t\t\t<\/div>\n\t\t\t\t<div class=\"elementor-element elementor-element-e358ea6 elementor-widget elementor-widget-heading\" data-id=\"e358ea6\" data-element_type=\"widget\" data-widget_type=\"heading.default\">\n\t\t\t\t<div class=\"elementor-widget-container\">\n\t\t\t\t\t<h2 class=\"elementor-heading-title elementor-size-default\">Services d'\u00e9talonnage<\/h2>\t\t\t\t<\/div>\n\t\t\t\t<\/div>\n\t\t\t\t<div class=\"elementor-element elementor-element-50a9f93 elementor-widget-divider--view-line elementor-widget elementor-widget-divider\" data-id=\"50a9f93\" data-element_type=\"widget\" data-widget_type=\"divider.default\">\n\t\t\t\t<div class=\"elementor-widget-container\">\n\t\t\t\t\t\t\t<div class=\"elementor-divider\">\n\t\t\t<span class=\"elementor-divider-separator\">\n\t\t\t\t\t\t<\/span>\n\t\t<\/div>\n\t\t\t\t\t\t<\/div>\n\t\t\t\t<\/div>\n\t\t\t\t<div class=\"elementor-element elementor-element-c7441ef elementor-widget elementor-widget-text-editor\" data-id=\"c7441ef\" data-element_type=\"widget\" data-widget_type=\"text-editor.default\">\n\t\t\t\t<div class=\"elementor-widget-container\">\n\t\t\t\t\t\t\t\t\t<p>Chez PLASMADIAM S\u00e0rl, nous recommandons un \u00e9talonnage r\u00e9gulier des jauges \u00e0 vide afin d&rsquo;assurer une performance optimale de votre \u00e9quipement de vide. Plasmadiam s\u0227rl est enti\u00e8rement \u00e9quip\u00e9 pour \u00e9talonner tous les types de jauges \u00e0 vide, tra\u00e7ables aux normes internationales.<\/p>\n\t\t\t\t\t\t\t\t<\/div>\n\t\t\t\t<\/div>\n\t\t\t\t\t<\/div>\n\t\t<\/div>\n\t\t\t\t\t<\/div>\n\t\t<\/section>\n\t\t\t\t<\/div>\n\t\t","protected":false},"excerpt":{"rendered":"<p>Jauge \u00e0 vide Services d&rsquo;\u00e9talonnage Chez PLASMADIAM S\u00e0rl, nous recommandons un \u00e9talonnage r\u00e9gulier des jauges \u00e0 vide afin d&rsquo;assurer une performance optimale de votre \u00e9quipement de vide. Plasmadiam s\u0227rl est enti\u00e8rement \u00e9quip\u00e9 pour \u00e9talonner tous les types de jauges \u00e0 vide, tra\u00e7ables aux normes internationales.<\/p>\n","protected":false},"author":1,"featured_media":0,"parent":6751,"menu_order":0,"comment_status":"closed","ping_status":"closed","template":"","meta":{"footnotes":""},"class_list":["post-6720","page","type-page","status-publish","hentry"],"_links":{"self":[{"href":"https:\/\/plasmadiam.com\/fr\/wp-json\/wp\/v2\/pages\/6720","targetHints":{"allow":["GET"]}}],"collection":[{"href":"https:\/\/plasmadiam.com\/fr\/wp-json\/wp\/v2\/pages"}],"about":[{"href":"https:\/\/plasmadiam.com\/fr\/wp-json\/wp\/v2\/types\/page"}],"author":[{"embeddable":true,"href":"https:\/\/plasmadiam.com\/fr\/wp-json\/wp\/v2\/users\/1"}],"replies":[{"embeddable":true,"href":"https:\/\/plasmadiam.com\/fr\/wp-json\/wp\/v2\/comments?post=6720"}],"version-history":[{"count":0,"href":"https:\/\/plasmadiam.com\/fr\/wp-json\/wp\/v2\/pages\/6720\/revisions"}],"up":[{"embeddable":true,"href":"https:\/\/plasmadiam.com\/fr\/wp-json\/wp\/v2\/pages\/6751"}],"wp:attachment":[{"href":"https:\/\/plasmadiam.com\/fr\/wp-json\/wp\/v2\/media?parent=6720"}],"curies":[{"name":"wp","href":"https:\/\/api.w.org\/{rel}","templated":true}]}}